{"id":4266,"date":"2020-12-20T20:59:43","date_gmt":"2020-12-20T23:59:43","guid":{"rendered":"https:\/\/somosdigitalgamers.com\/ve\/?post_type=product&#038;p=4266"},"modified":"2025-02-04T19:27:45","modified_gmt":"2025-02-04T22:27:45","slug":"titanfall-2-duplicate-3","status":"publish","type":"product","link":"https:\/\/somosdigitalgamers.com\/ve\/?product=titanfall-2-duplicate-3","title":{"rendered":"DRAGON BALL XENOVERSE 2"},"content":{"rendered":"<div class=\"f-dialog-scroll\">\n<div class=\"f-dialog-scroll\">\n<p class=\"c-paragraph pi-product-description-text\">De Respawn Entertainment, el estudio que cre\u00f3 el premiado Titanfall, llega Titanfall\u2122 2. En el modo un jugador, un aspirante a piloto y un veterano tit\u00e1n combinan sus fuerzas para completar una misi\u00f3n de la que no deber\u00edas ser part\u00edcipe. El modo multijugador incluye novedosos titanes, m\u00e1s habilidades de piloto y una mayor personalizaci\u00f3n que aceleran la jugabilidad y la vuelven tan emocionante como esperan los aficionados.<\/p>\n<\/div>\n<div class=\"c-group single\"><\/div>\n<\/div>\n<div class=\"c-group single\"><\/div>\n","protected":false},"excerpt":{"rendered":"<p>\u00a1DRAGON BALL XENOVERSE 2 ofrece la experiencia jugable de DRAGON BALL definitiva! Desarrolla a tu guerrero, crea el avatar perfecto, aprende nuevas habilidades y lucha contra nuevos enemigos para restaurar la historia original de DRAGON BALL. \u00danete a 300 jugadores de todo el mundo en la ciudad de Conton y lucha con o contra ellos.<\/p>\n","protected":false},"featured_media":4269,"comment_status":"open","ping_status":"closed","template":"","meta":[],"product_cat":[94],"product_tag":[],"class_list":{"0":"post-4266","1":"product","2":"type-product","3":"status-publish","4":"has-post-thumbnail","6":"product_brand-xbox-one","7":"product_cat-accion-y-aventura","9":"first","10":"instock","11":"virtual","12":"product-type-simple","13":"col-xs-6 col-sm-4","14":"col-md-3 col-lg-3","15":"un-4-cols"},"jetpack_sharing_enabled":true,"_links":{"self":[{"href":"https:\/\/somosdigitalgamers.com\/ve\/index.php?rest_route=\/wp\/v2\/product\/4266","targetHints":{"allow":["GET"]}}],"collection":[{"href":"https:\/\/somosdigitalgamers.com\/ve\/index.php?rest_route=\/wp\/v2\/product"}],"about":[{"href":"https:\/\/somosdigitalgamers.com\/ve\/index.php?rest_route=\/wp\/v2\/types\/product"}],"replies":[{"embeddable":true,"href":"https:\/\/somosdigitalgamers.com\/ve\/index.php?rest_route=%2Fwp%2Fv2%2Fcomments&post=4266"}],"wp:featuredmedia":[{"embeddable":true,"href":"https:\/\/somosdigitalgamers.com\/ve\/index.php?rest_route=\/wp\/v2\/media\/4269"}],"wp:attachment":[{"href":"https:\/\/somosdigitalgamers.com\/ve\/index.php?rest_route=%2Fwp%2Fv2%2Fmedia&parent=4266"}],"wp:term":[{"taxonomy":"product_cat","embeddable":true,"href":"https:\/\/somosdigitalgamers.com\/ve\/index.php?rest_route=%2Fwp%2Fv2%2Fproduct_cat&post=4266"},{"taxonomy":"product_tag","embeddable":true,"href":"https:\/\/somosdigitalgamers.com\/ve\/index.php?rest_route=%2Fwp%2Fv2%2Fproduct_tag&post=4266"}],"curies":[{"name":"wp","href":"https:\/\/api.w.org\/{rel}","templated":true}]}}