{"id":4257,"date":"2020-12-20T20:47:32","date_gmt":"2020-12-20T23:47:32","guid":{"rendered":"https:\/\/somosdigitalgamers.com\/ve\/?post_type=product&#038;p=4257"},"modified":"2025-02-04T19:27:44","modified_gmt":"2025-02-04T22:27:44","slug":"cuphead-duplicate-5","status":"publish","type":"product","link":"https:\/\/somosdigitalgamers.com\/ve\/?product=cuphead-duplicate-5","title":{"rendered":"RESIDENT EVIL 7 biohazard"},"content":{"rendered":"<div class=\"f-dialog-scroll\">\n<div class=\"f-dialog-scroll\">\n<p class=\"c-paragraph pi-product-description-text\">Compatible con Xbox Play Anywhere: se puede utilizar en Xbox One y PC con Windows 10, sin coste adicional El peligro y la soledad emanan de las decr\u00e9pitas paredes de una granja abandonada en el sur de los EE. UU. \u00ab7\u00bb marca un nuevo inicio para el g\u00e9nero del survival horror, con un cambio total de modelo con la aterradora e inmersiva perspectiva de jugador \u00abvista aislada\u00bb. Con el revolucionario RE Engine, el terror llega a nuevas cotas, con un fotorrealismo tan impactante que no podr\u00e1s apartar los ojos. Entra en un espeluznante nuevo mundo de terror y sobrevive. HDR (Alto Rango Din\u00e1mico) para generar colores m\u00e1s intensos y luminosos. *Funcionalidad HDR disponible en Xbox One con juego y televisores compatibles.<\/p>\n<\/div>\n<div class=\"c-group single\"><\/div>\n<\/div>\n<div class=\"c-group single\"><\/div>\n","protected":false},"excerpt":{"rendered":"<p>El peligro y la soledad emanan de las decr\u00e9pitas paredes de una granja abandonada en el sur de los EE. UU. \u00ab7\u00bb marca un nuevo inicio para el g\u00e9nero del survival horror, con el cambio a la aterradora perspectiva de jugador \u00abvista aislada\u00bb. Con el RE Engine, el terror llega a nuevas cotas de fotorrealismo. Entra en un espeluznante nuevo mundo de terror y sobrevive.<\/p>\n","protected":false},"featured_media":4263,"comment_status":"open","ping_status":"closed","template":"","meta":[],"product_cat":[94],"product_tag":[],"class_list":{"0":"post-4257","1":"product","2":"type-product","3":"status-publish","4":"has-post-thumbnail","6":"product_brand-xbox-one","7":"product_cat-accion-y-aventura","9":"first","10":"instock","11":"virtual","12":"product-type-simple","13":"col-xs-6 col-sm-4","14":"col-md-3 col-lg-3","15":"un-4-cols"},"jetpack_sharing_enabled":true,"_links":{"self":[{"href":"https:\/\/somosdigitalgamers.com\/ve\/index.php?rest_route=\/wp\/v2\/product\/4257","targetHints":{"allow":["GET"]}}],"collection":[{"href":"https:\/\/somosdigitalgamers.com\/ve\/index.php?rest_route=\/wp\/v2\/product"}],"about":[{"href":"https:\/\/somosdigitalgamers.com\/ve\/index.php?rest_route=\/wp\/v2\/types\/product"}],"replies":[{"embeddable":true,"href":"https:\/\/somosdigitalgamers.com\/ve\/index.php?rest_route=%2Fwp%2Fv2%2Fcomments&post=4257"}],"wp:featuredmedia":[{"embeddable":true,"href":"https:\/\/somosdigitalgamers.com\/ve\/index.php?rest_route=\/wp\/v2\/media\/4263"}],"wp:attachment":[{"href":"https:\/\/somosdigitalgamers.com\/ve\/index.php?rest_route=%2Fwp%2Fv2%2Fmedia&parent=4257"}],"wp:term":[{"taxonomy":"product_cat","embeddable":true,"href":"https:\/\/somosdigitalgamers.com\/ve\/index.php?rest_route=%2Fwp%2Fv2%2Fproduct_cat&post=4257"},{"taxonomy":"product_tag","embeddable":true,"href":"https:\/\/somosdigitalgamers.com\/ve\/index.php?rest_route=%2Fwp%2Fv2%2Fproduct_tag&post=4257"}],"curies":[{"name":"wp","href":"https:\/\/api.w.org\/{rel}","templated":true}]}}