{"id":4255,"date":"2020-12-20T20:46:09","date_gmt":"2020-12-20T23:46:09","guid":{"rendered":"https:\/\/somosdigitalgamers.com\/ve\/?post_type=product&#038;p=4255"},"modified":"2025-02-04T19:27:44","modified_gmt":"2025-02-04T22:27:44","slug":"cuphead-duplicate-3","status":"publish","type":"product","link":"https:\/\/somosdigitalgamers.com\/ve\/?product=cuphead-duplicate-3","title":{"rendered":"Crash\u2122 Team Racing Nitro-Fueled"},"content":{"rendered":"<div class=\"f-dialog-scroll\">\n<div class=\"f-dialog-scroll\">\n<p class=\"c-paragraph pi-product-description-text\">\u00a1Crash vuelve al volante! Prep\u00e1rate para desmelenarte con Crash\u2122 Team Racing Nitro-Fueled. La aut\u00e9ntica experiencia de CTR y mucho m\u00e1s contenido remasterizado al m\u00e1ximo de revoluciones: &#8211; Calienta motores con los modos de juego, personajes, circuitos, potenciadores, armas y controles originales &#8211; Superderrapa hacia la gloria con karts, arenas y circuitos adicionales de Crash\u2122 Nitro Kart &#8211; Compite online con tus amigos y arrasa con la competencia en los marcadores En Crash\u2122 Team Racing Nitro-Fueled, el riesgo es elevado y los rivales muy duros. Es el CTR de siempre pero a toda potencia. Algunos elementos requieren una conexi\u00f3n a Internet y una suscripci\u00f3n a Xbox Live Gold, que se vende por separado. Los requisitos de almacenamiento est\u00e1n sujetos a cambios. Puede que sean necesarias actualizaciones obligatorias para jugar. Las compras en el juego son opcionales. Activision no garantiza la disponibilidad del juego ni de las funciones online, y puede modificarlas o interrumpirlas si lo considera oportuno sin previo aviso. Utilizar el software constituye la aceptaci\u00f3n del Contrato de licencia del software y de la Pol\u00edtica de privacidad disponibles en support.activision.com\/license. \u00a9 2019 Activision Publishing Inc. ACTIVISION, CRASH TEAM RACING, CTR, CRASH NITRO KART, CRASH BANDICOOT and CRASH are trademarks of Activision Publishing, Inc.<\/p>\n<\/div>\n<div class=\"c-group single\"><\/div>\n<\/div>\n<div class=\"c-group single\"><\/div>\n","protected":false},"excerpt":{"rendered":"<p>Desmel\u00e9nate con Crash\u2122 Team Racing Nitro-Fueled. La aut\u00e9ntica experiencia de CTR y mucho m\u00e1s contenido remasterizado al m\u00e1ximo de revoluciones: &#8211; Todos los modos de juego, personajes, circuitos, potenciadores, armas y controles originales &#8211; Karts, arenas y circuitos adicionales de Crash\u2122 Nitro Kart &#8211; Compite online con tus amigos y arrasa con la competencia en los marcadores<\/p>\n","protected":false},"featured_media":4262,"comment_status":"open","ping_status":"closed","template":"","meta":[],"product_cat":[100],"product_tag":[],"class_list":{"0":"post-4255","1":"product","2":"type-product","3":"status-publish","4":"has-post-thumbnail","6":"product_brand-xbox-one","7":"product_cat-carreras-y-vuelo","9":"first","10":"instock","11":"virtual","12":"product-type-simple","13":"col-xs-6 col-sm-4","14":"col-md-3 col-lg-3","15":"un-4-cols"},"jetpack_sharing_enabled":true,"_links":{"self":[{"href":"https:\/\/somosdigitalgamers.com\/ve\/index.php?rest_route=\/wp\/v2\/product\/4255","targetHints":{"allow":["GET"]}}],"collection":[{"href":"https:\/\/somosdigitalgamers.com\/ve\/index.php?rest_route=\/wp\/v2\/product"}],"about":[{"href":"https:\/\/somosdigitalgamers.com\/ve\/index.php?rest_route=\/wp\/v2\/types\/product"}],"replies":[{"embeddable":true,"href":"https:\/\/somosdigitalgamers.com\/ve\/index.php?rest_route=%2Fwp%2Fv2%2Fcomments&post=4255"}],"wp:featuredmedia":[{"embeddable":true,"href":"https:\/\/somosdigitalgamers.com\/ve\/index.php?rest_route=\/wp\/v2\/media\/4262"}],"wp:attachment":[{"href":"https:\/\/somosdigitalgamers.com\/ve\/index.php?rest_route=%2Fwp%2Fv2%2Fmedia&parent=4255"}],"wp:term":[{"taxonomy":"product_cat","embeddable":true,"href":"https:\/\/somosdigitalgamers.com\/ve\/index.php?rest_route=%2Fwp%2Fv2%2Fproduct_cat&post=4255"},{"taxonomy":"product_tag","embeddable":true,"href":"https:\/\/somosdigitalgamers.com\/ve\/index.php?rest_route=%2Fwp%2Fv2%2Fproduct_tag&post=4255"}],"curies":[{"name":"wp","href":"https:\/\/api.w.org\/{rel}","templated":true}]}}