{"id":4254,"date":"2020-12-20T20:38:39","date_gmt":"2020-12-20T23:38:39","guid":{"rendered":"https:\/\/somosdigitalgamers.com\/ve\/?post_type=product&#038;p=4254"},"modified":"2025-02-04T19:27:44","modified_gmt":"2025-02-04T22:27:44","slug":"cuphead-duplicate-2","status":"publish","type":"product","link":"https:\/\/somosdigitalgamers.com\/ve\/?product=cuphead-duplicate-2","title":{"rendered":"KINGDOM HEARTS \u2162"},"content":{"rendered":"<div class=\"f-dialog-scroll\">\n<div class=\"f-dialog-scroll\">\n<p class=\"c-paragraph pi-product-description-text\">Por primera vez, en KINGDOM HEARTS III, Sora viajar\u00e1 a trav\u00e9s de los mundos de Pixar, as\u00ed como de otros nuevos mundos de Disney, que prestan a la historia el escenario m\u00e1s espectacular de toda la serie. El sistema de batalla tambi\u00e9n alcanza nuevas cotas gracias a la acci\u00f3n trepidante, las atracciones de parques tem\u00e1ticos en las que podr\u00e1s montar, y a los espectaculares ataques en equipo junto a los queridos personajes de Disney. KINGDOM HEARTS inspira y entretiene de manera incomparable.<\/p>\n<\/div>\n<div class=\"c-group single\"><\/div>\n<\/div>\n<div class=\"c-group single\"><\/div>\n","protected":false},"excerpt":{"rendered":"<p>Por primera vez, en KINGDOM HEARTS III, Sora viajar\u00e1 a trav\u00e9s de los mundos de Pixar, as\u00ed como de otros nuevos mundos de Disney, que prestan a la historia el escenario m\u00e1s espectacular de toda la serie. El sistema de batalla tambi\u00e9n alcanza nuevas cotas gracias a la acci\u00f3n trepidante, las atracciones de parques tem\u00e1ticos en las que podr\u00e1s montar, y a los espectaculares ataques en equipo junto a los queridos personajes de Disney. KINGDOM HEARTS inspira y entretiene de manera incomparable.<\/p>\n","protected":false},"featured_media":4259,"comment_status":"open","ping_status":"closed","template":"","meta":[],"product_cat":[101],"product_tag":[],"class_list":{"0":"post-4254","1":"product","2":"type-product","3":"status-publish","4":"has-post-thumbnail","6":"product_brand-xbox-one","7":"product_cat-juegos-de-rol","9":"first","10":"instock","11":"virtual","12":"product-type-simple","13":"col-xs-6 col-sm-4","14":"col-md-3 col-lg-3","15":"un-4-cols"},"jetpack_sharing_enabled":true,"_links":{"self":[{"href":"https:\/\/somosdigitalgamers.com\/ve\/index.php?rest_route=\/wp\/v2\/product\/4254","targetHints":{"allow":["GET"]}}],"collection":[{"href":"https:\/\/somosdigitalgamers.com\/ve\/index.php?rest_route=\/wp\/v2\/product"}],"about":[{"href":"https:\/\/somosdigitalgamers.com\/ve\/index.php?rest_route=\/wp\/v2\/types\/product"}],"replies":[{"embeddable":true,"href":"https:\/\/somosdigitalgamers.com\/ve\/index.php?rest_route=%2Fwp%2Fv2%2Fcomments&post=4254"}],"wp:featuredmedia":[{"embeddable":true,"href":"https:\/\/somosdigitalgamers.com\/ve\/index.php?rest_route=\/wp\/v2\/media\/4259"}],"wp:attachment":[{"href":"https:\/\/somosdigitalgamers.com\/ve\/index.php?rest_route=%2Fwp%2Fv2%2Fmedia&parent=4254"}],"wp:term":[{"taxonomy":"product_cat","embeddable":true,"href":"https:\/\/somosdigitalgamers.com\/ve\/index.php?rest_route=%2Fwp%2Fv2%2Fproduct_cat&post=4254"},{"taxonomy":"product_tag","embeddable":true,"href":"https:\/\/somosdigitalgamers.com\/ve\/index.php?rest_route=%2Fwp%2Fv2%2Fproduct_tag&post=4254"}],"curies":[{"name":"wp","href":"https:\/\/api.w.org\/{rel}","templated":true}]}}