{"id":4253,"date":"2020-12-20T20:36:26","date_gmt":"2020-12-20T23:36:26","guid":{"rendered":"https:\/\/somosdigitalgamers.com\/ve\/?post_type=product&#038;p=4253"},"modified":"2025-02-04T19:27:43","modified_gmt":"2025-02-04T22:27:43","slug":"cuphead-duplicate-1","status":"publish","type":"product","link":"https:\/\/somosdigitalgamers.com\/ve\/?product=cuphead-duplicate-1","title":{"rendered":"eFootball PES 2021 SEASON UPDATE"},"content":{"rendered":"<div class=\"f-dialog-scroll\">\n<div class=\"f-dialog-scroll\">\n<p class=\"c-paragraph pi-product-description-text\">Cuphead es un juego de acci\u00f3n cl\u00e1sico estilo &#8220;dispara y corre&#8221; que se centra en combates contra el jefe. Inspirado en los dibujos animados de los a\u00f1os 30, los aspectos visual y sonoro est\u00e1n dise\u00f1ados con esmero empleando las mismas t\u00e9cnicas de la \u00e9poca, es decir, animaci\u00f3n tradicional a mano, fondos de acuarela y grabaciones originales de jazz.<\/p>\n<\/div>\n<div class=\"c-group single\"><\/div>\n<\/div>\n<div class=\"c-group single\"><\/div>\n","protected":false},"excerpt":{"rendered":"<div class=\"pi-product-metadata tertiary\">\n<div id=\"descriptionText\" data-m=\"{&quot;cN&quot;:&quot;descriptionText&quot;,&quot;cT&quot;:&quot;Module_onestore-DescriptionBlock&quot;,&quot;id&quot;:&quot;m16r1a2&quot;,&quot;sN&quot;:16,&quot;aN&quot;:&quot;r1a2&quot;}\" data-module-id=\"PDP|productIdentityRoot|OneStore-ProductIdentityRoot|descriptionText|OneStore-DescriptionBlock\">\n<div id=\"react_VLG59a8FBk2isnL3KaZbVw\">\n<div class=\"pi-description-block\" data-reactroot=\"\">\n<p class=\"c-paragraph pi-product-description-text\">\u00a1Celebra los 25 a\u00f1os de PES con eFootball PES 2021 Season Update*, disponible a un precio especial de aniversario!<\/p>\n<div class=\"c-content-toggle\" role=\"presentation\"><\/div>\n<\/div>\n<\/div>\n<\/div>\n<\/div>\n<div class=\"pi-product-purchase\">\n<div id=\"purchaseColumn\" data-m=\"{&quot;cN&quot;:&quot;purchaseColumn&quot;,&quot;cT&quot;:&quot;Module_onestore-ColumnLayoutContainer&quot;,&quot;id&quot;:&quot;m17r1a2&quot;,&quot;sN&quot;:17,&quot;aN&quot;:&quot;r1a2&quot;}\" data-module-id=\"PDP|productIdentityRoot|OneStore-ProductIdentityRoot|purchaseColumn|OneStore-ColumnLayoutContainer\">\n<div id=\"productPrice\" data-m=\"{&quot;cN&quot;:&quot;productPrice&quot;,&quot;cT&quot;:&quot;Module_onestore-ProductPrice&quot;,&quot;id&quot;:&quot;m18r1a2&quot;,&quot;sN&quot;:18,&quot;aN&quot;:&quot;r1a2&quot;}\" data-module-id=\"PDP|purchaseColumn|OneStore-ColumnLayoutContainer|productPrice|OneStore-ProductPrice\">\n<div id=\"react_lPIcj666kCfd7Z7Wu97Og\">\n<div data-reactroot=\"\">\n<div id=\"undefined_PriceContainer-2\" class=\"pi-price-text\" aria-live=\"polite\"><\/div>\n<div><\/div>\n<\/div>\n<\/div>\n<\/div>\n<div id=\"pricingMessages\" data-m=\"{&quot;cN&quot;:&quot;pricingMessages&quot;,&quot;cT&quot;:&quot;Module_onestore-BuyBoxMessages&quot;,&quot;id&quot;:&quot;m19r1a2&quot;,&quot;sN&quot;:19,&quot;aN&quot;:&quot;r1a2&quot;}\" data-module-id=\"PDP|purchaseColumn|OneStore-ColumnLayoutContainer|pricingMessages|OneStore-BuyBoxMessages\">\n<div id=\"react_3kEICrYWeUWUEGFZsYNq5A\">\n<div class=\"pi-button-panel\"><\/div>\n<\/div>\n<\/div>\n<\/div>\n<\/div>\n","protected":false},"featured_media":4258,"comment_status":"open","ping_status":"closed","template":"","meta":[],"product_cat":[106],"product_tag":[],"class_list":{"0":"post-4253","1":"product","2":"type-product","3":"status-publish","4":"has-post-thumbnail","6":"product_brand-xbox-one","7":"product_cat-deportes","9":"first","10":"instock","11":"virtual","12":"product-type-simple","13":"col-xs-6 col-sm-4","14":"col-md-3 col-lg-3","15":"un-4-cols"},"jetpack_sharing_enabled":true,"_links":{"self":[{"href":"https:\/\/somosdigitalgamers.com\/ve\/index.php?rest_route=\/wp\/v2\/product\/4253","targetHints":{"allow":["GET"]}}],"collection":[{"href":"https:\/\/somosdigitalgamers.com\/ve\/index.php?rest_route=\/wp\/v2\/product"}],"about":[{"href":"https:\/\/somosdigitalgamers.com\/ve\/index.php?rest_route=\/wp\/v2\/types\/product"}],"replies":[{"embeddable":true,"href":"https:\/\/somosdigitalgamers.com\/ve\/index.php?rest_route=%2Fwp%2Fv2%2Fcomments&post=4253"}],"wp:featuredmedia":[{"embeddable":true,"href":"https:\/\/somosdigitalgamers.com\/ve\/index.php?rest_route=\/wp\/v2\/media\/4258"}],"wp:attachment":[{"href":"https:\/\/somosdigitalgamers.com\/ve\/index.php?rest_route=%2Fwp%2Fv2%2Fmedia&parent=4253"}],"wp:term":[{"taxonomy":"product_cat","embeddable":true,"href":"https:\/\/somosdigitalgamers.com\/ve\/index.php?rest_route=%2Fwp%2Fv2%2Fproduct_cat&post=4253"},{"taxonomy":"product_tag","embeddable":true,"href":"https:\/\/somosdigitalgamers.com\/ve\/index.php?rest_route=%2Fwp%2Fv2%2Fproduct_tag&post=4253"}],"curies":[{"name":"wp","href":"https:\/\/api.w.org\/{rel}","templated":true}]}}