{"id":4243,"date":"2020-12-20T20:24:10","date_gmt":"2020-12-20T23:24:10","guid":{"rendered":"https:\/\/somosdigitalgamers.com\/ve\/?post_type=product&#038;p=4243"},"modified":"2025-02-04T19:27:43","modified_gmt":"2025-02-04T22:27:43","slug":"los-sims-4-duplicate-4","status":"publish","type":"product","link":"https:\/\/somosdigitalgamers.com\/ve\/?product=los-sims-4-duplicate-4","title":{"rendered":"Tom Clancy\u2019s Ghost Recon\u00ae Wildlands"},"content":{"rendered":"<div class=\"f-dialog-scroll\">\n<p class=\"c-paragraph pi-product-description-text\">\u00a1Prueba gratis Ghost Recon\u00ae Wildlands! \u00a1Descarga la prueba, juega en l\u00ednea con tus amigos y explora el entorno durante 5 horas! HDR (Alto Rango Din\u00e1mico) para generar colores m\u00e1s intensos y luminosos.* Crea un equipo hasta con 3 amigos en Tom Clancy\u2019s Ghost Recon\u00ae Wildlands y disfruta del Shooter militar definitivo en un enorme y peligroso mundo abierto. ACABA CON EL C\u00c1RTEL En un futuro cercano, Bolivia ha ca\u00eddo en manos del despiadado c\u00e1rtel de Santa Blanca, que ha propagado la injusticia y la violencia. Su objetivo: crear el mayor narcoestado de la historia. S\u00c9 UN GHOST Crea un Ghost y personal\u00edzalo junto a sus armas y equipo. Disfruta de una libertad de juego total. Lidera a tu equipo y acaba con el c\u00e1rtel, solo o con tres amigos. EXPLORA BOLIVIA Viaja por el mayor mundo abierto creado por Ubisoft para un juego de acci\u00f3n y aventura. Descubre la gran diversidad de paisajes de Wildlands por tierra, mar y aire con m\u00e1s de 60 veh\u00edculos distintos. Res\u00e9rvalo y obt\u00e9n una misi\u00f3n extra: explora las altas monta\u00f1as de Bolivia para acabar con la alianza entre Santa Blanca y los c\u00e1rteles de Per\u00fa.<\/p>\n<\/div>\n<div class=\"c-group single\"><\/div>\n","protected":false},"excerpt":{"rendered":"<p>Crea un equipo hasta con 3 amigos en Tom Clancy\u2019s Ghost Recon\u00ae Wildlands y disfruta del Shooter militar definitivo en un enorme y peligroso mundo abierto.<\/p>\n","protected":false},"featured_media":4248,"comment_status":"open","ping_status":"closed","template":"","meta":[],"product_cat":[102],"product_tag":[],"class_list":{"0":"post-4243","1":"product","2":"type-product","3":"status-publish","4":"has-post-thumbnail","6":"product_brand-xbox-one","7":"product_cat-shooter","9":"first","10":"instock","11":"virtual","12":"product-type-simple","13":"col-xs-6 col-sm-4","14":"col-md-3 col-lg-3","15":"un-4-cols"},"jetpack_sharing_enabled":true,"_links":{"self":[{"href":"https:\/\/somosdigitalgamers.com\/ve\/index.php?rest_route=\/wp\/v2\/product\/4243","targetHints":{"allow":["GET"]}}],"collection":[{"href":"https:\/\/somosdigitalgamers.com\/ve\/index.php?rest_route=\/wp\/v2\/product"}],"about":[{"href":"https:\/\/somosdigitalgamers.com\/ve\/index.php?rest_route=\/wp\/v2\/types\/product"}],"replies":[{"embeddable":true,"href":"https:\/\/somosdigitalgamers.com\/ve\/index.php?rest_route=%2Fwp%2Fv2%2Fcomments&post=4243"}],"wp:featuredmedia":[{"embeddable":true,"href":"https:\/\/somosdigitalgamers.com\/ve\/index.php?rest_route=\/wp\/v2\/media\/4248"}],"wp:attachment":[{"href":"https:\/\/somosdigitalgamers.com\/ve\/index.php?rest_route=%2Fwp%2Fv2%2Fmedia&parent=4243"}],"wp:term":[{"taxonomy":"product_cat","embeddable":true,"href":"https:\/\/somosdigitalgamers.com\/ve\/index.php?rest_route=%2Fwp%2Fv2%2Fproduct_cat&post=4243"},{"taxonomy":"product_tag","embeddable":true,"href":"https:\/\/somosdigitalgamers.com\/ve\/index.php?rest_route=%2Fwp%2Fv2%2Fproduct_tag&post=4243"}],"curies":[{"name":"wp","href":"https:\/\/api.w.org\/{rel}","templated":true}]}}