{"id":4242,"date":"2020-12-20T20:28:22","date_gmt":"2020-12-20T23:28:22","guid":{"rendered":"https:\/\/somosdigitalgamers.com\/ve\/?post_type=product&#038;p=4242"},"modified":"2025-02-04T19:27:42","modified_gmt":"2025-02-04T22:27:42","slug":"los-sims-4-duplicate-3","status":"publish","type":"product","link":"https:\/\/somosdigitalgamers.com\/ve\/?product=los-sims-4-duplicate-3","title":{"rendered":"Life is Strange: Before the Storm"},"content":{"rendered":"<div class=\"f-dialog-scroll\">\n<p class=\"c-paragraph pi-product-description-text\">Ahorra reservando la temporada completa para recibir los tres episodios autom\u00e1ticamente cuando est\u00e9n disponibles. Life is Strange: Before the Storm sigue a Chloe Price, una adolescente rebelde que entabla una inesperada amistad con Rachel Amber, una chica guapa y popular destinada al \u00e9xito. Cuando Rachel descubre un secreto en su familia que trastoca su mundo, esta nueva alianza ser\u00e1 lo que les d\u00e9 fuerzas a las dos para superar sus problemas. Caracter\u00edsticas: \u2022 Aventura narrativa con elecciones y consecuencias. \u2022 M\u00faltiples finales dependiendo de las elecciones que tomes. \u2022 Insolencia, una modalidad de conversaci\u00f3n donde Chloe le saca partido a su labia para provocar o salirse con la suya. \u2022 Deja huella en el mundo con pintadas ingeniosas. \u2022 Elige la ropa de Chloe y observa c\u00f3mo la gente reacciona a tu estilo. \u2022 Particular banda sonora con m\u00fasica indie.<\/p>\n<\/div>\n<div class=\"c-group single\"><\/div>\n","protected":false},"excerpt":{"rendered":"<div class=\"f-dialog-scroll\">\n<p class=\"c-paragraph pi-product-description-text\">Life is Strange: Before the Storm sigue a Chloe Price, una adolescente rebelde que entabla una inesperada amistad con Rachel Amber, una chica guapa y popular destinada al \u00e9xito. Cuando Rachel descubre un secreto en su familia que trastoca su mundo, esta nueva alianza ser\u00e1 lo que les d\u00e9 fuerzas a las dos para superar sus problemas.<\/p>\n<\/div>\n<div class=\"c-group single\"><\/div>\n","protected":false},"featured_media":4249,"comment_status":"open","ping_status":"closed","template":"","meta":[],"product_cat":[94],"product_tag":[],"class_list":{"0":"post-4242","1":"product","2":"type-product","3":"status-publish","4":"has-post-thumbnail","6":"product_brand-xbox-one","7":"product_cat-accion-y-aventura","9":"first","10":"instock","11":"virtual","12":"product-type-simple","13":"col-xs-6 col-sm-4","14":"col-md-3 col-lg-3","15":"un-4-cols"},"jetpack_sharing_enabled":true,"_links":{"self":[{"href":"https:\/\/somosdigitalgamers.com\/ve\/index.php?rest_route=\/wp\/v2\/product\/4242","targetHints":{"allow":["GET"]}}],"collection":[{"href":"https:\/\/somosdigitalgamers.com\/ve\/index.php?rest_route=\/wp\/v2\/product"}],"about":[{"href":"https:\/\/somosdigitalgamers.com\/ve\/index.php?rest_route=\/wp\/v2\/types\/product"}],"replies":[{"embeddable":true,"href":"https:\/\/somosdigitalgamers.com\/ve\/index.php?rest_route=%2Fwp%2Fv2%2Fcomments&post=4242"}],"wp:featuredmedia":[{"embeddable":true,"href":"https:\/\/somosdigitalgamers.com\/ve\/index.php?rest_route=\/wp\/v2\/media\/4249"}],"wp:attachment":[{"href":"https:\/\/somosdigitalgamers.com\/ve\/index.php?rest_route=%2Fwp%2Fv2%2Fmedia&parent=4242"}],"wp:term":[{"taxonomy":"product_cat","embeddable":true,"href":"https:\/\/somosdigitalgamers.com\/ve\/index.php?rest_route=%2Fwp%2Fv2%2Fproduct_cat&post=4242"},{"taxonomy":"product_tag","embeddable":true,"href":"https:\/\/somosdigitalgamers.com\/ve\/index.php?rest_route=%2Fwp%2Fv2%2Fproduct_tag&post=4242"}],"curies":[{"name":"wp","href":"https:\/\/api.w.org\/{rel}","templated":true}]}}