{"id":4241,"date":"2020-12-20T20:22:25","date_gmt":"2020-12-20T23:22:25","guid":{"rendered":"https:\/\/somosdigitalgamers.com\/ve\/?post_type=product&#038;p=4241"},"modified":"2025-02-04T19:27:42","modified_gmt":"2025-02-04T22:27:42","slug":"los-sims-4-duplicate-2","status":"publish","type":"product","link":"https:\/\/somosdigitalgamers.com\/ve\/?product=los-sims-4-duplicate-2","title":{"rendered":"Friday the 13th: The Game"},"content":{"rendered":"<div class=\"f-dialog-scroll\">\n<div class=\"f-dialog-scroll\">\n<p class=\"c-paragraph pi-product-description-text\">\u00a1Jason ha vuelto! \u00a1Jason Voorhees est\u00e1 desatado y acecha los terrenos del Campamento Crystal Lake! Viernes 13: El juego es uno de los t\u00edtulos de terror m\u00e1s esperados de todos los tiempos. Al fin vas a poder jugar como Jason Voorhees y los monitores del Campamento Crystal Lake.<\/p>\n<\/div>\n<div class=\"c-group single\"><\/div>\n<\/div>\n<div class=\"c-group single\"><\/div>\n","protected":false},"excerpt":{"rendered":"<p>Viernes 13: El juego es un juego de supervivencia de terror en tercera persona en el que los jugadores juegan como un monitor adolescente o, por primera vez en la historia, como Jason Voorhees. T\u00fa y otras seis pobres almas desgraciadas har\u00e9is todo lo posible por escapar y sobrevivir mientras el asesino en serie m\u00e1s famoso del mundo os persigue y masacra brutalmente. Viernes 13: El juego tratar\u00e1 de darle a cada uno de los jugadores las herramientas necesarias para sobrevivir, escapar e incluso intentar acabar con el hombre inmortal. Cada sesi\u00f3n de juego te dar\u00e1 una oportunidad completamente nueva para demostrar que eres capaz no solo de sobrevivir sino de ser el asesino m\u00e1s prol\u00edfico de la historia del cine: \u00a1un acuchillador con m\u00e1s muertes en su haber que cualquiera de sus rivales! Mientras tanto, a Jason se le proporcionar\u00e1n un conjunto de habilidades para rastrear, cazar y matar a sus presas. Acecha desde las sombras, asusta a tus objetivos y m\u00e1tales cuando sea el momento de la forma m\u00e1s brutal y sangrienta que puedas imaginar. \u00a1Toma el control del legendario asesino Jason Voorhees y aterroriza a aquellos desafortunados que se crucen en tu camino! \u00a1Juega como Jason Voorhees! Por primera vez en la historia, tendr\u00e1s la oportunidad de jugar como Jason Voorhees, el asesino m\u00e1s famoso del g\u00e9nero de terror. Acecha a tus presas, ti\u00e9ndeles una emboscada cuando creas que es el momento y m\u00e9teles el miedo en el cuerpo a tus v\u00edctimas indefensas mientras te conviertes en leyenda. Viernes 13: El juego incluir\u00e1 una serie de muertes, nuevas y conocidas, que te ayudar\u00e1n a establecer qu\u00e9 tipo de Jason Vorhees quieres ser. Podr\u00e1s incluso desbloquear varias personificaciones de Jason sacadas de las pel\u00edculas as\u00ed como un dise\u00f1o totalmente nuevo que nunca antes se hab\u00eda visto, \u00a1creado por la mism\u00edsima leyenda del g\u00e9nero de terror, Tom Savini! Jason ir\u00e1 equipado con una gama de terror\u00edficas habilidades, d\u00e1ndote as\u00ed el control de un cazador en su mejor momento. Este es su bosque y se lo conoce a la perfecci\u00f3n. Jason no solo se alimentar\u00e1 del miedo de sus v\u00edctimas sino que se ir\u00e1 haciendo cada vez m\u00e1s fuerte a medida que avance la noche. \u00a1Cu\u00e1nto m\u00e1s oscura sea la noche, m\u00e1s aterrador ser\u00e1 Jason!<\/p>\n","protected":false},"featured_media":4247,"comment_status":"open","ping_status":"closed","template":"","meta":[],"product_cat":[94,108],"product_tag":[],"class_list":{"0":"post-4241","1":"product","2":"type-product","3":"status-publish","4":"has-post-thumbnail","6":"product_brand-xbox-one","7":"product_cat-accion-y-aventura","8":"product_cat-otros","10":"first","11":"instock","12":"virtual","13":"product-type-simple","14":"col-xs-6 col-sm-4","15":"col-md-3 col-lg-3","16":"un-4-cols"},"jetpack_sharing_enabled":true,"_links":{"self":[{"href":"https:\/\/somosdigitalgamers.com\/ve\/index.php?rest_route=\/wp\/v2\/product\/4241","targetHints":{"allow":["GET"]}}],"collection":[{"href":"https:\/\/somosdigitalgamers.com\/ve\/index.php?rest_route=\/wp\/v2\/product"}],"about":[{"href":"https:\/\/somosdigitalgamers.com\/ve\/index.php?rest_route=\/wp\/v2\/types\/product"}],"replies":[{"embeddable":true,"href":"https:\/\/somosdigitalgamers.com\/ve\/index.php?rest_route=%2Fwp%2Fv2%2Fcomments&post=4241"}],"wp:featuredmedia":[{"embeddable":true,"href":"https:\/\/somosdigitalgamers.com\/ve\/index.php?rest_route=\/wp\/v2\/media\/4247"}],"wp:attachment":[{"href":"https:\/\/somosdigitalgamers.com\/ve\/index.php?rest_route=%2Fwp%2Fv2%2Fmedia&parent=4241"}],"wp:term":[{"taxonomy":"product_cat","embeddable":true,"href":"https:\/\/somosdigitalgamers.com\/ve\/index.php?rest_route=%2Fwp%2Fv2%2Fproduct_cat&post=4241"},{"taxonomy":"product_tag","embeddable":true,"href":"https:\/\/somosdigitalgamers.com\/ve\/index.php?rest_route=%2Fwp%2Fv2%2Fproduct_tag&post=4241"}],"curies":[{"name":"wp","href":"https:\/\/api.w.org\/{rel}","templated":true}]}}