{"id":4240,"date":"2020-12-20T20:19:54","date_gmt":"2020-12-20T23:19:54","guid":{"rendered":"https:\/\/somosdigitalgamers.com\/ve\/?post_type=product&#038;p=4240"},"modified":"2025-02-04T19:27:42","modified_gmt":"2025-02-04T22:27:42","slug":"los-sims-4-duplicate-1","status":"publish","type":"product","link":"https:\/\/somosdigitalgamers.com\/ve\/?product=los-sims-4-duplicate-1","title":{"rendered":"Tom Clancy\u2019s Ghost Recon\u00ae Breakpoint"},"content":{"rendered":"<div class=\"f-dialog-scroll\">\n<p class=\"c-paragraph pi-product-description-text\">Convi\u00e9rtete en un GHOST, un soldado de las fuerzas especiales de \u00e9lite de los Estados Unidos, y lucha por sobrevivir.<\/p>\n<\/div>\n<div class=\"c-group single\"><\/div>\n","protected":false},"excerpt":{"rendered":"<p>Juega GRATIS a Ghost Recon Breakpoint durante 6 horas descarg\u00e1ndote la demo! Si decides comprar el juego toda su evoluci\u00f3n se guardar\u00e1. Juega a un shooter militar ambientado en un mundo variado, hostil y misterioso, solo o en cooperativo con hasta 4 jugadores. VIVE LA VIDA DE UN VERDADERO GHOST ATRAPADO TRAS LAS L\u00cdNEAS ENEMIGAS Herido, sin apoyo y perseguido, tendr\u00e1s que poner a prueba tus habilidades de supervivencia y combatir con el enemigo. ENFR\u00c9NTATE A TUS PEORES ENEMIGOS Con tu propio estilo de juego, enfr\u00e9ntate a los Wolves, tus antiguos compa\u00f1eros de armas, y a su l\u00edder Cole D. Walker. DISFRUTA DE UNA VERDADERA EXPERIENCIA SOCIAL Forma equipo con tus amigos, experimenta un sistema de progreso compartido entre la campa\u00f1a principal y el modo PvP, y explora un contenido endgame rico y variado que incluye las llamadas incursiones. Consigue la Gold Edition o la Ultimate Edition para sacarle el m\u00e1ximo partido a tu experiencia de juego incluyendo el Year 1 Pass y mucho m\u00e1s. Demo Gratuita:\u00a0Ten en cuenta que el Year 1 Pass y las monedas Ghosts\u00f3lo se pueden utilizar en una versi\u00f3n comprada del juego.<\/p>\n","protected":false},"featured_media":4246,"comment_status":"open","ping_status":"closed","template":"","meta":[],"product_cat":[107,103],"product_tag":[],"class_list":{"0":"post-4240","1":"product","2":"type-product","3":"status-publish","4":"has-post-thumbnail","6":"product_brand-xbox-one","7":"product_cat-estrategia","8":"product_cat-simulacion","10":"first","11":"instock","12":"virtual","13":"product-type-simple","14":"col-xs-6 col-sm-4","15":"col-md-3 col-lg-3","16":"un-4-cols"},"jetpack_sharing_enabled":true,"_links":{"self":[{"href":"https:\/\/somosdigitalgamers.com\/ve\/index.php?rest_route=\/wp\/v2\/product\/4240","targetHints":{"allow":["GET"]}}],"collection":[{"href":"https:\/\/somosdigitalgamers.com\/ve\/index.php?rest_route=\/wp\/v2\/product"}],"about":[{"href":"https:\/\/somosdigitalgamers.com\/ve\/index.php?rest_route=\/wp\/v2\/types\/product"}],"replies":[{"embeddable":true,"href":"https:\/\/somosdigitalgamers.com\/ve\/index.php?rest_route=%2Fwp%2Fv2%2Fcomments&post=4240"}],"wp:featuredmedia":[{"embeddable":true,"href":"https:\/\/somosdigitalgamers.com\/ve\/index.php?rest_route=\/wp\/v2\/media\/4246"}],"wp:attachment":[{"href":"https:\/\/somosdigitalgamers.com\/ve\/index.php?rest_route=%2Fwp%2Fv2%2Fmedia&parent=4240"}],"wp:term":[{"taxonomy":"product_cat","embeddable":true,"href":"https:\/\/somosdigitalgamers.com\/ve\/index.php?rest_route=%2Fwp%2Fv2%2Fproduct_cat&post=4240"},{"taxonomy":"product_tag","embeddable":true,"href":"https:\/\/somosdigitalgamers.com\/ve\/index.php?rest_route=%2Fwp%2Fv2%2Fproduct_tag&post=4240"}],"curies":[{"name":"wp","href":"https:\/\/api.w.org\/{rel}","templated":true}]}}