{"id":4239,"date":"2020-12-20T20:16:49","date_gmt":"2020-12-20T23:16:49","guid":{"rendered":"https:\/\/somosdigitalgamers.com\/ve\/?post_type=product&#038;p=4239"},"modified":"2025-02-04T19:27:42","modified_gmt":"2025-02-04T22:27:42","slug":"los-sims-4-duplicate-1-2","status":"publish","type":"product","link":"https:\/\/somosdigitalgamers.com\/ve\/?product=los-sims-4-duplicate-1-2","title":{"rendered":"WWE 2K19"},"content":{"rendered":"<div class=\"f-dialog-scroll\">\n<div class=\"pi-product-metadata tertiary\">\n<div id=\"descriptionText\" data-m=\"{&quot;cN&quot;:&quot;descriptionText&quot;,&quot;cT&quot;:&quot;Module_onestore-DescriptionBlock&quot;,&quot;id&quot;:&quot;m17r1a2&quot;,&quot;sN&quot;:17,&quot;aN&quot;:&quot;r1a2&quot;}\" data-module-id=\"PDP|productIdentityRoot|OneStore-ProductIdentityRoot|descriptionText|OneStore-DescriptionBlock\">\n<div id=\"react_VI3AZEqomES6zEPlaxn3Q\">\n<div class=\"pi-description-block\" data-reactroot=\"\">\n<p class=\"c-paragraph pi-product-description-text\">WWE 2K19 llega a la emblem\u00e1tica franquicia de videojuegos de la WWE con un enorme roster de las Superstars, Legends y estrellas del Hall of Fame m\u00e1s populares. \u00a1Disfruta de una gran jugabilidad, muchas opciones de creaci\u00f3n y mucho m\u00e1s!<\/p>\n<div class=\"c-content-toggle\" role=\"presentation\"><\/div>\n<\/div>\n<\/div>\n<\/div>\n<\/div>\n<div class=\"pi-product-purchase\">\n<div id=\"purchaseColumn\" data-m=\"{&quot;cN&quot;:&quot;purchaseColumn&quot;,&quot;cT&quot;:&quot;Module_onestore-ColumnLayoutContainer&quot;,&quot;id&quot;:&quot;m18r1a2&quot;,&quot;sN&quot;:18,&quot;aN&quot;:&quot;r1a2&quot;}\" data-module-id=\"PDP|productIdentityRoot|OneStore-ProductIdentityRoot|purchaseColumn|OneStore-ColumnLayoutContainer\">\n<div id=\"productPrice\" data-m=\"{&quot;cN&quot;:&quot;productPrice&quot;,&quot;cT&quot;:&quot;Module_onestore-ProductPrice&quot;,&quot;id&quot;:&quot;m19r1a2&quot;,&quot;sN&quot;:19,&quot;aN&quot;:&quot;r1a2&quot;}\" data-module-id=\"PDP|purchaseColumn|OneStore-ColumnLayoutContainer|productPrice|OneStore-ProductPrice\">\n<div id=\"react_uu1gkUiiJ0KVT37z0TAew\">\n<div data-reactroot=\"\">\n<div id=\"ProductPrice_productPrice_PriceContainer-0\" class=\"pi-price-text\" aria-live=\"polite\" aria-label=\"Precio actual: $ 1.499,00\"><\/div>\n<\/div>\n<\/div>\n<\/div>\n<\/div>\n<\/div>\n<\/div>\n<div class=\"c-group single\"><\/div>\n","protected":false},"excerpt":{"rendered":"<div data-grid=\"col-12\">\n<div data-grid=\"col-12\">\n<div class=\"c-content-toggle\">\n<p id=\"product-description\" class=\"m-product-detail-description c-paragraph f-lean max-height-override srv_description f-media-product\" data-f-expanded=\"false\">WWE 2K19 llega a la emblem\u00e1tica franquicia de videojuegos de la WWE, y esta vez con AJ Styles como Superstar de portada. WWE 2K19 contar\u00e1 con un enorme roster repleto de las Superstars, Legends y estrellas del Hall of Fame m\u00e1s famosas de la WWE y NXT. \u00a1Disfruta de una gran jugabilidad, muchas opciones de creaci\u00f3n, tipos de combate, los modos favoritos de los fans y mucho m\u00e1s!<\/p>\n<\/div>\n<\/div>\n<\/div>\n","protected":false},"featured_media":4245,"comment_status":"open","ping_status":"closed","template":"","meta":[],"product_cat":[106],"product_tag":[],"class_list":{"0":"post-4239","1":"product","2":"type-product","3":"status-publish","4":"has-post-thumbnail","6":"product_brand-xbox-one","7":"product_cat-deportes","9":"first","10":"instock","11":"virtual","12":"product-type-simple","13":"col-xs-6 col-sm-4","14":"col-md-3 col-lg-3","15":"un-4-cols"},"jetpack_sharing_enabled":true,"_links":{"self":[{"href":"https:\/\/somosdigitalgamers.com\/ve\/index.php?rest_route=\/wp\/v2\/product\/4239","targetHints":{"allow":["GET"]}}],"collection":[{"href":"https:\/\/somosdigitalgamers.com\/ve\/index.php?rest_route=\/wp\/v2\/product"}],"about":[{"href":"https:\/\/somosdigitalgamers.com\/ve\/index.php?rest_route=\/wp\/v2\/types\/product"}],"replies":[{"embeddable":true,"href":"https:\/\/somosdigitalgamers.com\/ve\/index.php?rest_route=%2Fwp%2Fv2%2Fcomments&post=4239"}],"wp:featuredmedia":[{"embeddable":true,"href":"https:\/\/somosdigitalgamers.com\/ve\/index.php?rest_route=\/wp\/v2\/media\/4245"}],"wp:attachment":[{"href":"https:\/\/somosdigitalgamers.com\/ve\/index.php?rest_route=%2Fwp%2Fv2%2Fmedia&parent=4239"}],"wp:term":[{"taxonomy":"product_cat","embeddable":true,"href":"https:\/\/somosdigitalgamers.com\/ve\/index.php?rest_route=%2Fwp%2Fv2%2Fproduct_cat&post=4239"},{"taxonomy":"product_tag","embeddable":true,"href":"https:\/\/somosdigitalgamers.com\/ve\/index.php?rest_route=%2Fwp%2Fv2%2Fproduct_tag&post=4239"}],"curies":[{"name":"wp","href":"https:\/\/api.w.org\/{rel}","templated":true}]}}