{"id":4233,"date":"2020-12-20T20:10:05","date_gmt":"2020-12-20T23:10:05","guid":{"rendered":"https:\/\/somosdigitalgamers.com\/ve\/?post_type=product&#038;p=4233"},"modified":"2025-02-04T19:27:41","modified_gmt":"2025-02-04T22:27:41","slug":"bioshock-the-collection-duplicate-5","status":"publish","type":"product","link":"https:\/\/somosdigitalgamers.com\/ve\/?product=bioshock-the-collection-duplicate-5","title":{"rendered":"Los Sims\u2122 4"},"content":{"rendered":"<div class=\"f-dialog-scroll\">\n<p class=\"c-paragraph pi-product-description-text\">\u00a1Da rienda suelta a la imaginaci\u00f3n y crea un mundo \u00fanico de Sims que refleje tu forma de ser! Explora y personaliza cada detalle de las casas de tus Sims y mucho m\u00e1s. Escoge el aspecto, la forma de actuar y la ropa de tus Sims y luego construye y dise\u00f1a sus casas incre\u00edbles.<\/p>\n<\/div>\n<div class=\"c-group single\"><\/div>\n","protected":false},"excerpt":{"rendered":"<p>Un aspecto nuevo, pero el mismo contenido incre\u00edble \u00a1Da rienda suelta a la imaginaci\u00f3n y crea un mundo \u00fanico de Sims que refleje tu forma de ser! Explora y personaliza cada detalle de las casas de tus Sims y mucho m\u00e1s. Escoge c\u00f3mo se ven, c\u00f3mo act\u00faan y c\u00f3mo visten tus Sims y luego decide c\u00f3mo viven cada d\u00eda Construye y dise\u00f1a casas incre\u00edbles para cada familia, luego dec\u00f3ralas con tus muebles y adornos favoritos. Visita distintos vecindarios donde podr\u00e1s conocer a otros Sims y aprender m\u00e1s sobre sus vidas. Descubre lugares hermosos con entornos caracter\u00edsticos y vive aventuras espont\u00e1neas. Gestiona los altibajos de las vidas de tus Sims y descubre qu\u00e9 ocurre cuando juegas en escenarios de tu vida real. Cuenta tus historias mientras desarrollas relaciones, persigues profesiones y aspiraciones en la vida y te embarcas en este juego extraordinario con infinitas posibilidades. \u00a1Juega con la vida! Crea Sims \u00fanicos: puedes personalizar una gran variedad de Sims, cada uno con sus apariencias, personalidades din\u00e1micas y aspiraciones inspiradoras. Usa caracter\u00edsticas de personalizaci\u00f3n potentes para hacer realidad tus sue\u00f1os. \u00a1Cr\u00e9ate a ti mismo, a tus celebridades favoritas, tu fantas\u00eda o a tus amigos! Cambia la ropa de tus Sims para reflejar tu estado de \u00e1nimo, crea historias que le den profundidad a tu mundo y dales un prop\u00f3sito a sus vidas con los rasgos y las aspiraciones. Crea la casa perfecta: construye y dise\u00f1a las casas ideales para tus Sims de forma sencilla usando el modo Construcci\u00f3n. Construye la casa de tus sue\u00f1os (y de los suyos) planeando su dise\u00f1o, escogiendo los muebles y modificando el entorno y el terreno. \u00a1Incluso puedes construir una alberca, un s\u00f3tano y un jard\u00edn o reconstruirla con nuevos dise\u00f1os e ideas! Explora mundos din\u00e1micos: viaja por distintas ubicaciones, descubre vecindarios \u00fanicos e incre\u00edbles y conoce lugares cautivadores. Tus Sims pueden visitar nuevas comunidades para ampliar su c\u00edrculo social, quedar con amigos o celebrar fiestas inolvidables. Juega con la vida: controla todos los momentos entretenidos de las vidas de tus Sims, desde sus relaciones hasta sus profesiones. Tus decisiones dan forma a todos los aspectos de sus vidas, desde que nacen hasta que son infantes y luego adultos. Por el camino, desarrolla las habilidades de tus Sims, persigue aficiones originales, emb\u00e1rcalos en aventuras, crea nuevas familias y mucho m\u00e1s. Agrega nuevas experiencias: usa la Galer\u00eda para encontrar inspiraci\u00f3n en una comunidad de jugadores como t\u00fa, donde podr\u00e1s agregar contenido a tu juego o compartir tus creaciones. Descarga, dale &#8220;Me gusta&#8221; y comenta tus Sims favoritos, casas y cuartos totalmente dise\u00f1ados. \u00a1\u00danete a la comunidad, \u00fanete a la diversi\u00f3n!<\/p>\n","protected":false},"featured_media":4237,"comment_status":"open","ping_status":"closed","template":"","meta":[],"product_cat":[107,103],"product_tag":[],"class_list":{"0":"post-4233","1":"product","2":"type-product","3":"status-publish","4":"has-post-thumbnail","6":"product_brand-xbox-one","7":"product_cat-estrategia","8":"product_cat-simulacion","10":"first","11":"instock","12":"virtual","13":"product-type-simple","14":"col-xs-6 col-sm-4","15":"col-md-3 col-lg-3","16":"un-4-cols"},"jetpack_sharing_enabled":true,"_links":{"self":[{"href":"https:\/\/somosdigitalgamers.com\/ve\/index.php?rest_route=\/wp\/v2\/product\/4233","targetHints":{"allow":["GET"]}}],"collection":[{"href":"https:\/\/somosdigitalgamers.com\/ve\/index.php?rest_route=\/wp\/v2\/product"}],"about":[{"href":"https:\/\/somosdigitalgamers.com\/ve\/index.php?rest_route=\/wp\/v2\/types\/product"}],"replies":[{"embeddable":true,"href":"https:\/\/somosdigitalgamers.com\/ve\/index.php?rest_route=%2Fwp%2Fv2%2Fcomments&post=4233"}],"wp:featuredmedia":[{"embeddable":true,"href":"https:\/\/somosdigitalgamers.com\/ve\/index.php?rest_route=\/wp\/v2\/media\/4237"}],"wp:attachment":[{"href":"https:\/\/somosdigitalgamers.com\/ve\/index.php?rest_route=%2Fwp%2Fv2%2Fmedia&parent=4233"}],"wp:term":[{"taxonomy":"product_cat","embeddable":true,"href":"https:\/\/somosdigitalgamers.com\/ve\/index.php?rest_route=%2Fwp%2Fv2%2Fproduct_cat&post=4233"},{"taxonomy":"product_tag","embeddable":true,"href":"https:\/\/somosdigitalgamers.com\/ve\/index.php?rest_route=%2Fwp%2Fv2%2Fproduct_tag&post=4233"}],"curies":[{"name":"wp","href":"https:\/\/api.w.org\/{rel}","templated":true}]}}