{"id":4231,"date":"2020-12-18T20:50:13","date_gmt":"2020-12-18T23:50:13","guid":{"rendered":"https:\/\/somosdigitalgamers.com\/ve\/?post_type=product&#038;p=4231"},"modified":"2025-02-04T19:27:41","modified_gmt":"2025-02-04T22:27:41","slug":"bioshock-the-collection-duplicate-3","status":"publish","type":"product","link":"https:\/\/somosdigitalgamers.com\/ve\/?product=bioshock-the-collection-duplicate-3","title":{"rendered":"GreedFall"},"content":{"rendered":"<p>Reserva y consigue bonificaciones. Explora tierras ignotas en una isla rec\u00f3ndita que rebosa magia, riquezas, secretos y criaturas fant\u00e1sticas. Decide la suerte de este nuevo mundo entablando amistades o traicionando a compa\u00f1eros y facciones. Forma parte de un mundo vivo y en evoluci\u00f3n mediante la diplomacia, el enga\u00f1o y la fuerza: altera el curso de la historia y elige tu propio destino.<\/p>\n","protected":false},"excerpt":{"rendered":"<p>Reserva y consigue el paquete Adventurer\u2019s Gear. Explora tierras ignotas en una isla rec\u00f3ndita que rebosa magia, riquezas, secretos y criaturas fant\u00e1sticas. Decide la suerte de este nuevo mundo entablando amistades o traicionando a compa\u00f1eros y facciones. Forma parte de un mundo vivo y en evoluci\u00f3n mediante la diplomacia, el enga\u00f1o y la fuerza: altera el curso de la historia y elige tu propio destino. &#8211; Ad\u00e9ntrate en una experiencia de rol: completa misiones y objetivos de distintas formas, como el combate, la diplomacia, el enga\u00f1o o el sigilo. &#8211; Libertad total en la evoluci\u00f3n del personaje: juega como hombre o mujer, personaliza tu apariencia y elige los hechizos, talentos y habilidades que quieras. &#8211; Indaga en un misterioso mundo m\u00e1gico: comienza una gran aventura y descubre antiguos secretos que se hallan protegidos por criaturas sobrenaturales, la manifestaci\u00f3n de la magia terrenal de la isla.<\/p>\n","protected":false},"featured_media":4235,"comment_status":"open","ping_status":"closed","template":"","meta":[],"product_cat":[94],"product_tag":[],"class_list":{"0":"post-4231","1":"product","2":"type-product","3":"status-publish","4":"has-post-thumbnail","6":"product_brand-xbox-one","7":"product_cat-accion-y-aventura","9":"first","10":"instock","11":"virtual","12":"product-type-simple","13":"col-xs-6 col-sm-4","14":"col-md-3 col-lg-3","15":"un-4-cols"},"jetpack_sharing_enabled":true,"_links":{"self":[{"href":"https:\/\/somosdigitalgamers.com\/ve\/index.php?rest_route=\/wp\/v2\/product\/4231","targetHints":{"allow":["GET"]}}],"collection":[{"href":"https:\/\/somosdigitalgamers.com\/ve\/index.php?rest_route=\/wp\/v2\/product"}],"about":[{"href":"https:\/\/somosdigitalgamers.com\/ve\/index.php?rest_route=\/wp\/v2\/types\/product"}],"replies":[{"embeddable":true,"href":"https:\/\/somosdigitalgamers.com\/ve\/index.php?rest_route=%2Fwp%2Fv2%2Fcomments&post=4231"}],"wp:featuredmedia":[{"embeddable":true,"href":"https:\/\/somosdigitalgamers.com\/ve\/index.php?rest_route=\/wp\/v2\/media\/4235"}],"wp:attachment":[{"href":"https:\/\/somosdigitalgamers.com\/ve\/index.php?rest_route=%2Fwp%2Fv2%2Fmedia&parent=4231"}],"wp:term":[{"taxonomy":"product_cat","embeddable":true,"href":"https:\/\/somosdigitalgamers.com\/ve\/index.php?rest_route=%2Fwp%2Fv2%2Fproduct_cat&post=4231"},{"taxonomy":"product_tag","embeddable":true,"href":"https:\/\/somosdigitalgamers.com\/ve\/index.php?rest_route=%2Fwp%2Fv2%2Fproduct_tag&post=4231"}],"curies":[{"name":"wp","href":"https:\/\/api.w.org\/{rel}","templated":true}]}}