{"id":4230,"date":"2020-12-20T20:06:34","date_gmt":"2020-12-20T23:06:34","guid":{"rendered":"https:\/\/somosdigitalgamers.com\/ve\/?post_type=product&#038;p=4230"},"modified":"2025-02-04T19:27:40","modified_gmt":"2025-02-04T22:27:40","slug":"bioshock-the-collection-duplicate-2","status":"publish","type":"product","link":"https:\/\/somosdigitalgamers.com\/ve\/?product=bioshock-the-collection-duplicate-2","title":{"rendered":"WWE 2K20"},"content":{"rendered":"<div class=\"f-dialog-scroll\">\n<p class=\"c-paragraph pi-product-description-text\">Step Inside con WWE 2K20. El juego presentar\u00e1 mejoras importantes en la jugabilidad y un nuevo Showcase 2K centrado en la historia de las Four Horsewomen\/Women\u2019s Evolution. Tambi\u00e9n vuelven las 2K Towers, incluyendo una con historia centrada en la carrera de Roman Reigns. Adem\u00e1s, hay un nuevo MyCAREER, que incluye personajes jugables tanto masculinos como femeninos.<\/p>\n<\/div>\n<div class=\"c-group single\"><\/div>\n","protected":false},"excerpt":{"rendered":"<div data-grid=\"col-12\">\n<div data-grid=\"col-12\">\n<div class=\"c-content-toggle\">\n<p id=\"product-description\" class=\"m-product-detail-description c-paragraph f-lean max-height-override srv_description f-media-product\" data-f-expanded=\"false\">2K invita a los jugadores a subirse al ring con WWE 2K20. \u00a1Sus favoritos entre las Superstars, leyendas, luchadores del Hall of Fame de la WWE y las estrellas de NXT se unir\u00e1n para celebrar la evoluci\u00f3n de la franquicia WWE de 2K! WWE 2K20 tendr\u00e1 mejoras importantes en la jugabilidad, controles simplificados y la entrada m\u00e1s divertida y creativa de la franquicia hasta ahora. WWE 2K20 tambi\u00e9n tendr\u00e1 un nuevo Showcase 2K centrado en la historia de las Four Horsewomen\/Women\u2019s Evolution, el regreso de las 2K Towers (que incluye una torre con historia centrada en la carrera de Roman Reigns); y un nuevo MyCAREER, que tendr\u00e1 tanto hombres como mujeres, y Mixed Tag Matches con competidores femeninos y masculinos.<\/p>\n<\/div>\n<\/div>\n<\/div>\n","protected":false},"featured_media":4236,"comment_status":"open","ping_status":"closed","template":"","meta":[],"product_cat":[106],"product_tag":[],"class_list":{"0":"post-4230","1":"product","2":"type-product","3":"status-publish","4":"has-post-thumbnail","6":"product_brand-xbox-one","7":"product_cat-deportes","9":"first","10":"instock","11":"virtual","12":"product-type-simple","13":"col-xs-6 col-sm-4","14":"col-md-3 col-lg-3","15":"un-4-cols"},"jetpack_sharing_enabled":true,"_links":{"self":[{"href":"https:\/\/somosdigitalgamers.com\/ve\/index.php?rest_route=\/wp\/v2\/product\/4230","targetHints":{"allow":["GET"]}}],"collection":[{"href":"https:\/\/somosdigitalgamers.com\/ve\/index.php?rest_route=\/wp\/v2\/product"}],"about":[{"href":"https:\/\/somosdigitalgamers.com\/ve\/index.php?rest_route=\/wp\/v2\/types\/product"}],"replies":[{"embeddable":true,"href":"https:\/\/somosdigitalgamers.com\/ve\/index.php?rest_route=%2Fwp%2Fv2%2Fcomments&post=4230"}],"wp:featuredmedia":[{"embeddable":true,"href":"https:\/\/somosdigitalgamers.com\/ve\/index.php?rest_route=\/wp\/v2\/media\/4236"}],"wp:attachment":[{"href":"https:\/\/somosdigitalgamers.com\/ve\/index.php?rest_route=%2Fwp%2Fv2%2Fmedia&parent=4230"}],"wp:term":[{"taxonomy":"product_cat","embeddable":true,"href":"https:\/\/somosdigitalgamers.com\/ve\/index.php?rest_route=%2Fwp%2Fv2%2Fproduct_cat&post=4230"},{"taxonomy":"product_tag","embeddable":true,"href":"https:\/\/somosdigitalgamers.com\/ve\/index.php?rest_route=%2Fwp%2Fv2%2Fproduct_tag&post=4230"}],"curies":[{"name":"wp","href":"https:\/\/api.w.org\/{rel}","templated":true}]}}