{"id":4229,"date":"2020-12-18T20:47:04","date_gmt":"2020-12-18T23:47:04","guid":{"rendered":"https:\/\/somosdigitalgamers.com\/ve\/?post_type=product&#038;p=4229"},"modified":"2025-02-04T19:27:40","modified_gmt":"2025-02-04T22:27:40","slug":"bioshock-the-collection-duplicate-1","status":"publish","type":"product","link":"https:\/\/somosdigitalgamers.com\/ve\/?product=bioshock-the-collection-duplicate-1","title":{"rendered":"OVERPASS\u2122"},"content":{"rendered":"<p>Conduce buggies y quads de grandes fabricantes y salva pedregales, pendientes abruptas y otros obst\u00e1culos en circuitos extremos todoterreno de gran exigencia t\u00e9cnica. Busca la mejor ruta y gestiona la aceleraci\u00f3n, los diferenciales y la motricidad para dominar la competici\u00f3n en modo local u online.<\/p>\n","protected":false},"excerpt":{"rendered":"<p>En OVERPASS\u2122, los pedregales, pendientes abruptas, troncos de \u00e1rbol y ci\u00e9nagas suponen un obst\u00e1culo para la victoria tanto como los dem\u00e1s pilotos. Al volante de potentes buggies y quads de grandes fabricantes, como Yamaha, Polaris, Arctic Cat y Suzuki, avent\u00farate en entornos extremos todoterreno y desaf\u00edate a ti mismo en los circuitos del juego, de gran exigencia t\u00e9cnica. Enfr\u00e9ntate a da\u00f1os en el veh\u00edculo y salva los numerosos obst\u00e1culos naturales y artificiales para lograr el mejor tiempo posible. Pero la velocidad pura no lo es todo: tendr\u00e1s que dominar una f\u00edsica de terrenos muy realista y las caracter\u00edsticas espec\u00edficas de los veh\u00edculos del juego. Elige con cuidado tu UTV o ATV, traza tu ruta con inteligencia y gestiona la aceleraci\u00f3n y las distintas opciones de diferenciales y motricidad para dominar la competici\u00f3n en modo local u online.<\/p>\n","protected":false},"featured_media":4234,"comment_status":"open","ping_status":"closed","template":"","meta":[],"product_cat":[100,103],"product_tag":[],"class_list":{"0":"post-4229","1":"product","2":"type-product","3":"status-publish","4":"has-post-thumbnail","6":"product_brand-xbox-one","7":"product_cat-carreras-y-vuelo","8":"product_cat-simulacion","10":"first","11":"instock","12":"virtual","13":"product-type-simple","14":"col-xs-6 col-sm-4","15":"col-md-3 col-lg-3","16":"un-4-cols"},"jetpack_sharing_enabled":true,"_links":{"self":[{"href":"https:\/\/somosdigitalgamers.com\/ve\/index.php?rest_route=\/wp\/v2\/product\/4229","targetHints":{"allow":["GET"]}}],"collection":[{"href":"https:\/\/somosdigitalgamers.com\/ve\/index.php?rest_route=\/wp\/v2\/product"}],"about":[{"href":"https:\/\/somosdigitalgamers.com\/ve\/index.php?rest_route=\/wp\/v2\/types\/product"}],"replies":[{"embeddable":true,"href":"https:\/\/somosdigitalgamers.com\/ve\/index.php?rest_route=%2Fwp%2Fv2%2Fcomments&post=4229"}],"wp:featuredmedia":[{"embeddable":true,"href":"https:\/\/somosdigitalgamers.com\/ve\/index.php?rest_route=\/wp\/v2\/media\/4234"}],"wp:attachment":[{"href":"https:\/\/somosdigitalgamers.com\/ve\/index.php?rest_route=%2Fwp%2Fv2%2Fmedia&parent=4229"}],"wp:term":[{"taxonomy":"product_cat","embeddable":true,"href":"https:\/\/somosdigitalgamers.com\/ve\/index.php?rest_route=%2Fwp%2Fv2%2Fproduct_cat&post=4229"},{"taxonomy":"product_tag","embeddable":true,"href":"https:\/\/somosdigitalgamers.com\/ve\/index.php?rest_route=%2Fwp%2Fv2%2Fproduct_tag&post=4229"}],"curies":[{"name":"wp","href":"https:\/\/api.w.org\/{rel}","templated":true}]}}