{"id":4225,"date":"2020-12-18T15:13:39","date_gmt":"2020-12-18T18:13:39","guid":{"rendered":"https:\/\/somosdigitalgamers.com\/ve\/?post_type=product&#038;p=4225"},"modified":"2025-02-04T19:27:40","modified_gmt":"2025-02-04T22:27:40","slug":"call-of-duty-black-ops-4","status":"publish","type":"product","link":"https:\/\/somosdigitalgamers.com\/ve\/?product=call-of-duty-black-ops-4","title":{"rendered":"Call of Duty\u00ae Black Ops 4"},"content":{"rendered":"<p>Black Ops 4 te trae un sistema de combate multijugador fluido, asentado y descarnado; con el mayor modo Zombi hasta la fecha y cinco aventuras llenas de no muertos; y con Blackout, donde el universo Black Ops cobra vida en dos enormes experiencias de battle royale.<\/p>\n","protected":false},"excerpt":{"rendered":"<p>La versi\u00f3n digital de Call of Duty\u00ae: Black Ops 4 incluye: &#8211; 5 cajas de reserva, cada una con 3 objetos exclusivos de las reservas de Blackjack. &#8211; Objetos especiales de la Edici\u00f3n Digital. Black Ops 4 ofrece un sistema de combate multijugador fluido, asentado y descarnado; el mayor modo Zombis hasta la fecha y cinco aventuras completas de no muertos; adem\u00e1s de Blackout, donde el universo Black Ops cobra vida en dos enormes experiencias battle royale. El multijugador sube el list\u00f3n y ofrece la experiencia de combate m\u00e1s s\u00f3lida y apasionante hasta la fecha, con especial atenci\u00f3n a la jugabilidad t\u00e1ctica y a la toma de decisiones. Black Ops cobra vida en Blackout en una enorme experiencia battle royale que combina el combate caracter\u00edstico de Black Ops y los mayores mapas de la historia de Call of Duty\u00ae. Nunca ha habido un momento mejor para disfrutar de Call of Duty\u00ae: Black Ops 4. M\u00e1s informaci\u00f3n, en www.callofduty.com. \u00a9 2019 Activision Publishing, Inc. ACTIVISION, CALL OF DUTY, CALL OF DUTY BLACK OPS y el logotipo del escudo son marcas comerciales de Activision Publishing, Inc. El resto de marcas y nombres comerciales son propiedad de sus respectivos due\u00f1os.<\/p>\n","protected":false},"featured_media":4226,"comment_status":"open","ping_status":"closed","template":"","meta":[],"product_cat":[94,100,102,103],"product_tag":[],"class_list":{"0":"post-4225","1":"product","2":"type-product","3":"status-publish","4":"has-post-thumbnail","6":"product_brand-xbox-one","7":"product_cat-accion-y-aventura","8":"product_cat-carreras-y-vuelo","9":"product_cat-shooter","10":"product_cat-simulacion","12":"first","13":"instock","14":"virtual","15":"product-type-simple","16":"col-xs-6 col-sm-4","17":"col-md-3 col-lg-3","18":"un-4-cols"},"jetpack_sharing_enabled":true,"_links":{"self":[{"href":"https:\/\/somosdigitalgamers.com\/ve\/index.php?rest_route=\/wp\/v2\/product\/4225","targetHints":{"allow":["GET"]}}],"collection":[{"href":"https:\/\/somosdigitalgamers.com\/ve\/index.php?rest_route=\/wp\/v2\/product"}],"about":[{"href":"https:\/\/somosdigitalgamers.com\/ve\/index.php?rest_route=\/wp\/v2\/types\/product"}],"replies":[{"embeddable":true,"href":"https:\/\/somosdigitalgamers.com\/ve\/index.php?rest_route=%2Fwp%2Fv2%2Fcomments&post=4225"}],"wp:featuredmedia":[{"embeddable":true,"href":"https:\/\/somosdigitalgamers.com\/ve\/index.php?rest_route=\/wp\/v2\/media\/4226"}],"wp:attachment":[{"href":"https:\/\/somosdigitalgamers.com\/ve\/index.php?rest_route=%2Fwp%2Fv2%2Fmedia&parent=4225"}],"wp:term":[{"taxonomy":"product_cat","embeddable":true,"href":"https:\/\/somosdigitalgamers.com\/ve\/index.php?rest_route=%2Fwp%2Fv2%2Fproduct_cat&post=4225"},{"taxonomy":"product_tag","embeddable":true,"href":"https:\/\/somosdigitalgamers.com\/ve\/index.php?rest_route=%2Fwp%2Fv2%2Fproduct_tag&post=4225"}],"curies":[{"name":"wp","href":"https:\/\/api.w.org\/{rel}","templated":true}]}}