{"id":4223,"date":"2020-12-18T12:45:48","date_gmt":"2020-12-18T15:45:48","guid":{"rendered":"https:\/\/somosdigitalgamers.com\/ve\/?post_type=product&#038;p=4223"},"modified":"2025-02-04T19:27:40","modified_gmt":"2025-02-04T22:27:40","slug":"star-wars-squadrons","status":"publish","type":"product","link":"https:\/\/somosdigitalgamers.com\/ve\/?product=star-wars-squadrons","title":{"rendered":"STAR WARS\u2122 Squadrons"},"content":{"rendered":"<p>Domina el arte de combatir en Cazas Estelares en la aut\u00e9ntica experiencia de pilotaje de STAR WARS\u2122: Squadrons. Abr\u00f3chate el cintur\u00f3n, vive la adrenalina de combates espaciales multijugador en primera persona con tu escuadr\u00f3n y descubre qu\u00e9 es ser piloto en una emocionante historia para un jugador de STAR WARS\u2122.<\/p>\n","protected":false},"excerpt":{"rendered":"<p>Domina el arte de combatir en Cazas Estelares en la aut\u00e9ntica experiencia de pilotaje de STAR WARS\u2122: Squadrons. Abr\u00f3chate el cintur\u00f3n y siente la adrenalina de los combates espaciales multijugador en primera persona junto a tu escuadr\u00f3n. Los pilotos que se unan entrar\u00e1n en las cabinas de los Cazas Estelares de la Nueva Rep\u00fablica y de las flotas imperiales y luchar\u00e1n en batallas espaciales estrat\u00e9gicas de 5 contra 5. Modifica tu Caza Estelar y ajusta la composici\u00f3n de tu escuadr\u00f3n para que se adapte a varios estilos de juego y aplaste a la oposici\u00f3n. Los pilotos triunfar\u00e1n en equipo y completar\u00e1n objetivos t\u00e1cticos en campos de batalla conocidos y en otros nunca antes vistos, incluidos el gigante gaseoso Yavin Prime y la destrozada luna de Galitan. Toma el control de Cazas Estelares como el X-wing o el Caza TIE. Personaliza los equipamientos y las mejoras est\u00e9ticas y dirige la potencia a las armas, los escudos y los motores mientras te adentras en la cabina. Descubre lo que significa ser piloto en una emocionante historia para un solo jugador de STAR WARS\u2122 despu\u00e9s de los eventos de El regreso del Jedi. Desde una perspectiva alternada entre dos facciones, l\u00edderes emblem\u00e1ticos y emergentes de ambos bandos luchan por la galaxia. La Nueva Rep\u00fablica lucha por la libertad. El Imperio exige orden. Necesitamos que te unas a lo mejor de la galaxia. &#8211; Todos los wings, rep\u00f3rtense: planea contiendas con tu escuadr\u00f3n en la sala de conferencias antes de despegar a los campos de batalla en desarrollo de toda la galaxia. Compite en intensos combates multijugador de 5 contra 5 o \u00fanete a tu escuadr\u00f3n para inclinar la balanza en incre\u00edbles batallas de la flota. Juntos, son lo mejor de la galaxia. &#8211; Domina los Cazas Estelares legendarios: toma el control de diferentes clases de Cazas Estelares de la Nueva Rep\u00fablica y de las flotas imperiales, incluidos el \u00e1gil A-wing o el devastador Bombardero TIE. Modifica tu nave, dirige la potencia a sus diferentes sistemas y destruye a tus rivales en combates espaciales estrat\u00e9gicos. &#8211; Vive tu fantas\u00eda de piloto de STAR WARS: la cabina es tu hogar. Usa los tableros de instrumentos a tu favor y, con tan solo un casco delgado de metal y cristal entre t\u00fa y los peligros del espacio, siente la intensidad del combate desde una perspectiva en primera persona. Vuela en emocionantes modos multijugador y en una historia \u00fanica de STAR WARS para un solo jugador, que cubre una historia clave cerca de la conclusi\u00f3n de la Guerra Civil Gal\u00e1ctica. &#8211; La misi\u00f3n es clara: STAR WARS: Squadrons es una experiencia en s\u00ed misma desde el primer d\u00eda, en la que ganas recompensas al jugar. Sube de rango y desbloquea nuevos componentes como armas, cascos, motores, escudos y art\u00edculos est\u00e9ticos en un camino dispuesto para la progresi\u00f3n que mantiene la jugabilidad fresca y atractiva. *APLICAN CONDICIONES Y RESTRICCIONES. CONSULTA www.ea.com\/es-mx\/legal PARA M\u00c1S DETALLES.<\/p>\n","protected":false},"featured_media":4224,"comment_status":"open","ping_status":"closed","template":"","meta":[],"product_cat":[94,100,102,103],"product_tag":[],"class_list":{"0":"post-4223","1":"product","2":"type-product","3":"status-publish","4":"has-post-thumbnail","6":"product_brand-xbox-one","7":"product_cat-accion-y-aventura","8":"product_cat-carreras-y-vuelo","9":"product_cat-shooter","10":"product_cat-simulacion","12":"first","13":"instock","14":"virtual","15":"product-type-simple","16":"col-xs-6 col-sm-4","17":"col-md-3 col-lg-3","18":"un-4-cols"},"jetpack_sharing_enabled":true,"_links":{"self":[{"href":"https:\/\/somosdigitalgamers.com\/ve\/index.php?rest_route=\/wp\/v2\/product\/4223","targetHints":{"allow":["GET"]}}],"collection":[{"href":"https:\/\/somosdigitalgamers.com\/ve\/index.php?rest_route=\/wp\/v2\/product"}],"about":[{"href":"https:\/\/somosdigitalgamers.com\/ve\/index.php?rest_route=\/wp\/v2\/types\/product"}],"replies":[{"embeddable":true,"href":"https:\/\/somosdigitalgamers.com\/ve\/index.php?rest_route=%2Fwp%2Fv2%2Fcomments&post=4223"}],"wp:featuredmedia":[{"embeddable":true,"href":"https:\/\/somosdigitalgamers.com\/ve\/index.php?rest_route=\/wp\/v2\/media\/4224"}],"wp:attachment":[{"href":"https:\/\/somosdigitalgamers.com\/ve\/index.php?rest_route=%2Fwp%2Fv2%2Fmedia&parent=4223"}],"wp:term":[{"taxonomy":"product_cat","embeddable":true,"href":"https:\/\/somosdigitalgamers.com\/ve\/index.php?rest_route=%2Fwp%2Fv2%2Fproduct_cat&post=4223"},{"taxonomy":"product_tag","embeddable":true,"href":"https:\/\/somosdigitalgamers.com\/ve\/index.php?rest_route=%2Fwp%2Fv2%2Fproduct_tag&post=4223"}],"curies":[{"name":"wp","href":"https:\/\/api.w.org\/{rel}","templated":true}]}}