{"id":4221,"date":"2020-12-18T12:41:54","date_gmt":"2020-12-18T15:41:54","guid":{"rendered":"https:\/\/somosdigitalgamers.com\/ve\/?post_type=product&#038;p=4221"},"modified":"2025-02-04T19:27:40","modified_gmt":"2025-02-04T22:27:40","slug":"f1-2020-duplicate-1","status":"publish","type":"product","link":"https:\/\/somosdigitalgamers.com\/ve\/?product=f1-2020-duplicate-1","title":{"rendered":"DayZ"},"content":{"rendered":"<p>Un virus desconocido ha azotado la Chernarus posovi\u00e9tica y ha transformado a muchos en infectados enloquecidos. El ambiente hostil por la lucha por los recursos ha llevado a la humanidad al borde del colapso. Eres inmune al virus, pero \u00bfhasta d\u00f3nde llegar\u00e1s para sobrevivir?<\/p>\n","protected":false},"excerpt":{"rendered":"<p>&#8220;DayZ es un juego de supervivencia extrema en mundo abierto donde solo existe una regla: sobrevivir a toda costa. Y no es f\u00e1cil, porque una pl\u00e9tora de amenazas acechan en cada rinc\u00f3n&#8230; Caracter\u00edsticas: * No hay puntos de control ni guardado, as\u00ed que, si la di\u00f1as, lo pierdes todo y tienes que empezar de cero. * Mec\u00e1nicas de supervivencia complejas y realistas, como por ejemplo de caza, fabricaci\u00f3n, construcci\u00f3n, salud y gesti\u00f3n de recursos. * Interacciones impredecibles con otros jugadores que propician un abanico ilimitado de posibilidad de juego. * Un enorme mapa de 230 km2 con diferentes y hermosos paisajes y lugares inspirados en el mundo real. * Hasta 60 jugadores luchan por sobrevivir a toda costa. Haz amigos, mata sin pensarlo, rapta a desconocidos y som\u00e9telos o sufre una traici\u00f3n por una lata de alubias. Todo es posible. * Amenazas del entorno que te pondr\u00e1n a prueba. Desde un clima muy variable hasta animales peligrosos, pasando por la oscuridad de la noche e infectados rabiosos.&#8221;<\/p>\n","protected":false},"featured_media":4222,"comment_status":"open","ping_status":"closed","template":"","meta":[],"product_cat":[94,101,102],"product_tag":[],"class_list":{"0":"post-4221","1":"product","2":"type-product","3":"status-publish","4":"has-post-thumbnail","6":"product_brand-xbox-one","7":"product_cat-accion-y-aventura","8":"product_cat-juegos-de-rol","9":"product_cat-shooter","11":"first","12":"instock","13":"virtual","14":"product-type-simple","15":"col-xs-6 col-sm-4","16":"col-md-3 col-lg-3","17":"un-4-cols"},"jetpack_sharing_enabled":true,"_links":{"self":[{"href":"https:\/\/somosdigitalgamers.com\/ve\/index.php?rest_route=\/wp\/v2\/product\/4221","targetHints":{"allow":["GET"]}}],"collection":[{"href":"https:\/\/somosdigitalgamers.com\/ve\/index.php?rest_route=\/wp\/v2\/product"}],"about":[{"href":"https:\/\/somosdigitalgamers.com\/ve\/index.php?rest_route=\/wp\/v2\/types\/product"}],"replies":[{"embeddable":true,"href":"https:\/\/somosdigitalgamers.com\/ve\/index.php?rest_route=%2Fwp%2Fv2%2Fcomments&post=4221"}],"wp:featuredmedia":[{"embeddable":true,"href":"https:\/\/somosdigitalgamers.com\/ve\/index.php?rest_route=\/wp\/v2\/media\/4222"}],"wp:attachment":[{"href":"https:\/\/somosdigitalgamers.com\/ve\/index.php?rest_route=%2Fwp%2Fv2%2Fmedia&parent=4221"}],"wp:term":[{"taxonomy":"product_cat","embeddable":true,"href":"https:\/\/somosdigitalgamers.com\/ve\/index.php?rest_route=%2Fwp%2Fv2%2Fproduct_cat&post=4221"},{"taxonomy":"product_tag","embeddable":true,"href":"https:\/\/somosdigitalgamers.com\/ve\/index.php?rest_route=%2Fwp%2Fv2%2Fproduct_tag&post=4221"}],"curies":[{"name":"wp","href":"https:\/\/api.w.org\/{rel}","templated":true}]}}