{"id":4219,"date":"2020-12-18T12:35:45","date_gmt":"2020-12-18T15:35:45","guid":{"rendered":"https:\/\/somosdigitalgamers.com\/ve\/?post_type=product&#038;p=4219"},"modified":"2025-02-04T19:27:39","modified_gmt":"2025-02-04T22:27:39","slug":"f1-2020","status":"publish","type":"product","link":"https:\/\/somosdigitalgamers.com\/ve\/?product=f1-2020","title":{"rendered":"F1 2020"},"content":{"rendered":"<p>F1\u00ae 2020 te permite crear tu equipo de F1\u00ae por primera vez y correr junto a los equipos y pilotos oficiales. Tambi\u00e9n podr\u00e1s desafiar a tus amigos en la nueva pantalla dividida con opciones de carrera para partidas m\u00e1s tranquilas. Compite en los 22 circuitos con el contenido cl\u00e1sico y el m\u00e1s actual.<\/p>\n","protected":false},"excerpt":{"rendered":"<p>F1\u00ae 2020 es el juego de F1\u00ae m\u00e1s completo hasta la fecha, en el que competir\u00e1s contra los mejores pilotos del mundo. Crea por primera vez tu equipo de F1\u00ae: personaliza un piloto, elige un patrocinador y un proveedor, contrata a un compa\u00f1ero y compite como und\u00e9cimo equipo de la parrilla. Construye instalaciones, desarrolla a tu equipo y llega a lo m\u00e1s alto. o Personaliza el modo de carrera en 10 a\u00f1os con opciones de introducci\u00f3n al Campeonato de F2\u2122 y varias temporadas de duraci\u00f3n variable para dar m\u00e1s emoci\u00f3n a tu carrera. o Disfruta a\u00fan m\u00e1s con tus amigos, sea cual sea tu nivel de habilidad, con las carreras en pantalla dividida, una nueva ayuda a la direcci\u00f3n y una mayor accesibilidad. o F1\u00ae 2020 incluye todos los equipos y pilotos oficiales, 22 circuitos y dos carreras nuevas: el Circuito de Hanoi y el Circuito de Zandvoort. o Se requiere conexi\u00f3n en l\u00ednea para descargar los coches de los equipos definitivos de 2020 (cuando sea aplicable) y el contenido de temporada de F2\u2122 2020.<\/p>\n","protected":false},"featured_media":4220,"comment_status":"open","ping_status":"closed","template":"","meta":[],"product_cat":[100],"product_tag":[],"class_list":{"0":"post-4219","1":"product","2":"type-product","3":"status-publish","4":"has-post-thumbnail","6":"product_brand-xbox-one","7":"product_cat-carreras-y-vuelo","9":"first","10":"instock","11":"virtual","12":"product-type-simple","13":"col-xs-6 col-sm-4","14":"col-md-3 col-lg-3","15":"un-4-cols"},"jetpack_sharing_enabled":true,"_links":{"self":[{"href":"https:\/\/somosdigitalgamers.com\/ve\/index.php?rest_route=\/wp\/v2\/product\/4219","targetHints":{"allow":["GET"]}}],"collection":[{"href":"https:\/\/somosdigitalgamers.com\/ve\/index.php?rest_route=\/wp\/v2\/product"}],"about":[{"href":"https:\/\/somosdigitalgamers.com\/ve\/index.php?rest_route=\/wp\/v2\/types\/product"}],"replies":[{"embeddable":true,"href":"https:\/\/somosdigitalgamers.com\/ve\/index.php?rest_route=%2Fwp%2Fv2%2Fcomments&post=4219"}],"wp:featuredmedia":[{"embeddable":true,"href":"https:\/\/somosdigitalgamers.com\/ve\/index.php?rest_route=\/wp\/v2\/media\/4220"}],"wp:attachment":[{"href":"https:\/\/somosdigitalgamers.com\/ve\/index.php?rest_route=%2Fwp%2Fv2%2Fmedia&parent=4219"}],"wp:term":[{"taxonomy":"product_cat","embeddable":true,"href":"https:\/\/somosdigitalgamers.com\/ve\/index.php?rest_route=%2Fwp%2Fv2%2Fproduct_cat&post=4219"},{"taxonomy":"product_tag","embeddable":true,"href":"https:\/\/somosdigitalgamers.com\/ve\/index.php?rest_route=%2Fwp%2Fv2%2Fproduct_tag&post=4219"}],"curies":[{"name":"wp","href":"https:\/\/api.w.org\/{rel}","templated":true}]}}