{"id":4217,"date":"2020-12-18T12:29:53","date_gmt":"2020-12-18T15:29:53","guid":{"rendered":"https:\/\/somosdigitalgamers.com\/ve\/?post_type=product&#038;p=4217"},"modified":"2025-02-04T19:27:39","modified_gmt":"2025-02-04T22:27:39","slug":"disneyland-adventures","status":"publish","type":"product","link":"https:\/\/somosdigitalgamers.com\/ve\/?product=disneyland-adventures","title":{"rendered":"Disneyland Adventures"},"content":{"rendered":"<p>Disneyland Adventures est\u00e1 pensado para que tanto los ni\u00f1os como los seguidores de Disney de todas las edades exploren el parque de Disneyland en 4K Ultra HD y HDR. Disfruta de aventuras muy envolventes, basadas en 18 de sus atracciones m\u00e1s emblem\u00e1ticas; ad\u00e9ntrate en las 100 misiones emocionantes; e interact\u00faa con 35 de los personajes de Disney m\u00e1s queridos. Disneyland Adventures es tu pasaporte hacia el m\u00e1gico mundo de Disneyland, y \u00a1todo sin salir de tu casa!<\/p>\n","protected":false},"excerpt":{"rendered":"<p>&#8220;\u00a1Vive la magia de Disneyland como nunca! Viaja al lugar donde las historias cobran vida y los sue\u00f1os se hacen realidad, y \u00a1sin salir de tu casa! Explora el parque de Disneyland\u00ae desde Main Street, U.S.A. hasta Critter Country; ayuda a Peter Pan a luchar contra el Capit\u00e1n Garfio, choca las manos con Mickey Mouse o dale un fuerte abrazo a Blanca Nieves. \u201cDisneyland Adventures\u201d est\u00e1 pensado para ni\u00f1os, familias y seguidores de Disney de todas las edades. Explora el parque de Disneyland, sum\u00e9rgete en aventuras inspiradas en sus atracciones, emb\u00e1rcate en emocionantes misiones e interact\u00faa con los personajes de Disney m\u00e1s queridos, ahora remasterizados en 4K Ultra HD y HDR.&#8221; \u00a9 Disney<\/p>\n","protected":false},"featured_media":4218,"comment_status":"open","ping_status":"closed","template":"","meta":[],"product_cat":[97],"product_tag":[],"class_list":{"0":"post-4217","1":"product","2":"type-product","3":"status-publish","4":"has-post-thumbnail","6":"product_brand-xbox-one","7":"product_cat-violencia-de-caricatura","9":"first","10":"instock","11":"virtual","12":"product-type-simple","13":"col-xs-6 col-sm-4","14":"col-md-3 col-lg-3","15":"un-4-cols"},"jetpack_sharing_enabled":true,"_links":{"self":[{"href":"https:\/\/somosdigitalgamers.com\/ve\/index.php?rest_route=\/wp\/v2\/product\/4217","targetHints":{"allow":["GET"]}}],"collection":[{"href":"https:\/\/somosdigitalgamers.com\/ve\/index.php?rest_route=\/wp\/v2\/product"}],"about":[{"href":"https:\/\/somosdigitalgamers.com\/ve\/index.php?rest_route=\/wp\/v2\/types\/product"}],"replies":[{"embeddable":true,"href":"https:\/\/somosdigitalgamers.com\/ve\/index.php?rest_route=%2Fwp%2Fv2%2Fcomments&post=4217"}],"wp:featuredmedia":[{"embeddable":true,"href":"https:\/\/somosdigitalgamers.com\/ve\/index.php?rest_route=\/wp\/v2\/media\/4218"}],"wp:attachment":[{"href":"https:\/\/somosdigitalgamers.com\/ve\/index.php?rest_route=%2Fwp%2Fv2%2Fmedia&parent=4217"}],"wp:term":[{"taxonomy":"product_cat","embeddable":true,"href":"https:\/\/somosdigitalgamers.com\/ve\/index.php?rest_route=%2Fwp%2Fv2%2Fproduct_cat&post=4217"},{"taxonomy":"product_tag","embeddable":true,"href":"https:\/\/somosdigitalgamers.com\/ve\/index.php?rest_route=%2Fwp%2Fv2%2Fproduct_tag&post=4217"}],"curies":[{"name":"wp","href":"https:\/\/api.w.org\/{rel}","templated":true}]}}