{"id":4137,"date":"2020-07-08T13:55:28","date_gmt":"2020-07-08T16:55:28","guid":{"rendered":"https:\/\/somosdigitalgamers.com\/ve\/?post_type=product&#038;p=4137"},"modified":"2025-02-04T19:27:39","modified_gmt":"2025-02-04T22:27:39","slug":"far-cry-5-duplicate-1","status":"publish","type":"product","link":"https:\/\/somosdigitalgamers.com\/ve\/?product=far-cry-5-duplicate-1","title":{"rendered":"DRAGON BALL FighterZ"},"content":{"rendered":"<p>Despu\u00e9s del \u00e9xito de la serie Xenoverse, lleg\u00f3 el momento de presentar un nuevo juego de lucha cl\u00e1sico 2D DRAGON BALL para las consolas de esta generaci\u00f3n. DRAGON BALL FighterZ nace de lo mismo que hace que la serie DRAGON BALL sea tan popular: espectaculares luchas interminables con luchadores todopoderosos. En asociaci\u00f3n con Arc System Works, DRAGON BALL FighterZ maximiza los gr\u00e1ficos de Anime de alta calidad y ofrece al p\u00fablico en todo el mundo un juego de lucha que es f\u00e1cil de aprender, pero dif\u00edcil de dominar.<\/p>\n","protected":false},"excerpt":{"rendered":"<p>Despu\u00e9s del \u00e9xito de la serie Xenoverse, lleg\u00f3 el momento de presentar un nuevo juego de lucha cl\u00e1sico 2D DRAGON BALL para las consolas de esta generaci\u00f3n. DRAGON BALL FighterZ nace de lo mismo que hace que la serie DRAGON BALL sea tan popular: espectaculares luchas interminables con luchadores todopoderosos. En asociaci\u00f3n con Arc System&hellip;<\/p>\n","protected":false},"featured_media":4216,"comment_status":"open","ping_status":"closed","template":"","meta":[],"product_cat":[94],"product_tag":[],"class_list":{"0":"post-4137","1":"product","2":"type-product","3":"status-publish","4":"has-post-thumbnail","6":"product_brand-xbox-one","7":"product_cat-accion-y-aventura","9":"first","10":"instock","11":"virtual","12":"product-type-simple","13":"col-xs-6 col-sm-4","14":"col-md-3 col-lg-3","15":"un-4-cols"},"jetpack_sharing_enabled":true,"_links":{"self":[{"href":"https:\/\/somosdigitalgamers.com\/ve\/index.php?rest_route=\/wp\/v2\/product\/4137","targetHints":{"allow":["GET"]}}],"collection":[{"href":"https:\/\/somosdigitalgamers.com\/ve\/index.php?rest_route=\/wp\/v2\/product"}],"about":[{"href":"https:\/\/somosdigitalgamers.com\/ve\/index.php?rest_route=\/wp\/v2\/types\/product"}],"replies":[{"embeddable":true,"href":"https:\/\/somosdigitalgamers.com\/ve\/index.php?rest_route=%2Fwp%2Fv2%2Fcomments&post=4137"}],"wp:featuredmedia":[{"embeddable":true,"href":"https:\/\/somosdigitalgamers.com\/ve\/index.php?rest_route=\/wp\/v2\/media\/4216"}],"wp:attachment":[{"href":"https:\/\/somosdigitalgamers.com\/ve\/index.php?rest_route=%2Fwp%2Fv2%2Fmedia&parent=4137"}],"wp:term":[{"taxonomy":"product_cat","embeddable":true,"href":"https:\/\/somosdigitalgamers.com\/ve\/index.php?rest_route=%2Fwp%2Fv2%2Fproduct_cat&post=4137"},{"taxonomy":"product_tag","embeddable":true,"href":"https:\/\/somosdigitalgamers.com\/ve\/index.php?rest_route=%2Fwp%2Fv2%2Fproduct_tag&post=4137"}],"curies":[{"name":"wp","href":"https:\/\/api.w.org\/{rel}","templated":true}]}}