{"id":4744,"date":"2023-06-07T14:28:29","date_gmt":"2023-06-07T17:28:29","guid":{"rendered":"https:\/\/somosdigitalgamers.com\/pe\/?page_id=4744"},"modified":"2025-03-09T10:48:41","modified_gmt":"2025-03-09T13:48:41","slug":"game-pass-ultimate","status":"publish","type":"page","link":"https:\/\/somosdigitalgamers.com\/pe\/?page_id=4744","title":{"rendered":"GAME PASS ULTIMATE"},"content":{"rendered":"\t\t<div data-elementor-type=\"wp-post\" data-elementor-id=\"4744\" class=\"elementor elementor-4744\" data-elementor-post-type=\"page\">\n\t\t\t\t\t\t<section class=\"elementor-section elementor-top-section elementor-element elementor-element-eea71f1 elementor-section-full_width elementor-section-stretched elementor-section-height-default elementor-section-height-default\" data-id=\"eea71f1\" data-element_type=\"section\" data-settings=\"{&quot;stretch_section&quot;:&quot;section-stretched&quot;}\">\n\t\t\t\t\t\t<div class=\"elementor-container elementor-column-gap-no\">\n\t\t\t\t\t<div class=\"elementor-column elementor-col-100 elementor-top-column elementor-element elementor-element-6533a4f\" data-id=\"6533a4f\" data-element_type=\"column\">\n\t\t\t<div class=\"elementor-widget-wrap elementor-element-populated\">\n\t\t\t\t\t\t<div class=\"elementor-element elementor-element-98984f8 mf--h-position-center mf--v-position-middle elementor-widget elementor-widget-martfury-slides\" data-id=\"98984f8\" data-element_type=\"widget\" data-widget_type=\"martfury-slides.default\">\n\t\t\t\t<div class=\"elementor-widget-container\">\n\t\t\t\t\t<div class=\"mf-slides-wrapper loading align-icon- navigation-none navigation-tablet-none navigation-mobile-none\" dir=\"ltr\">\r\n\t\t\t\t<div class=\"arrows-wrapper\"><div class=\"arrows-inner arrows-container\"><\/div><\/div>\r\n\t\t\t\t<div class=\"mf-slides\" data-slider_options=\"{&quot;slidesToShow&quot;:1,&quot;autoplaySpeed&quot;:0,&quot;autoplay&quot;:true,&quot;infinite&quot;:true,&quot;pauseOnHover&quot;:false,&quot;speed&quot;:1500,&quot;arrows&quot;:true,&quot;dots&quot;:true,&quot;rtl&quot;:false,&quot;fade&quot;:true}\" data-animation=\"zoomIn\"><div class=\"elementor-repeater-item-9d7b403 slick-slide\"><div class=\"slick-slide-bg\"><\/div><div  class=\"slick-slide-inner\"><div class=\"mf-slide-content\"><\/div><\/div><\/div><div class=\"elementor-repeater-item-ee40e1d slick-slide\"><div class=\"slick-slide-bg\"><\/div><div  class=\"slick-slide-inner\"><div class=\"mf-slide-content\"><\/div><\/div><\/div><\/div>\r\n\t\t\t<\/div>\t\t\t\t<\/div>\n\t\t\t\t<\/div>\n\t\t\t\t\t<\/div>\n\t\t<\/div>\n\t\t\t\t\t<\/div>\n\t\t<\/section>\n\t\t\t\t<section class=\"elementor-section elementor-top-section elementor-element elementor-element-3d062e5b elementor-section-full_width elementor-section-stretched elementor-section-height-default elementor-section-height-default\" data-id=\"3d062e5b\" data-element_type=\"section\" data-settings=\"{&quot;stretch_section&quot;:&quot;section-stretched&quot;}\">\n\t\t\t\t\t\t<div class=\"elementor-container elementor-column-gap-default\">\n\t\t\t\t\t<div class=\"elementor-column elementor-col-33 elementor-top-column elementor-element elementor-element-3d0e3bbd\" data-id=\"3d0e3bbd\" data-element_type=\"column\">\n\t\t\t<div class=\"elementor-widget-wrap elementor-element-populated\">\n\t\t\t\t\t\t<div class=\"elementor-element elementor-element-4f49601e elementor-widget elementor-widget-martfury-banner-medium\" data-id=\"4f49601e\" data-element_type=\"widget\" data-widget_type=\"martfury-banner-medium.default\">\n\t\t\t\t<div class=\"elementor-widget-container\">\n\t\t\t\t\t        <div class=\"mf-elementor-banner-medium highlight-title-\">\r\n            <div class=\"banner-featured-image\"><\/div>\r\n\t\t\t                <a class=\"link\" href=\"https:\/\/api.whatsapp.com\/send?phone=5804127059469&amp;text=Hola%20vengo%20de%20la%20p%C3%A1gina%20de%20Per%C3%BA%20%F0%9F%87%B5%F0%9F%87%AA%20y%20me%20gustar%C3%ADa%20comprar%20el%20Game%20Pass%20Ultimate%20de%202%20Meses\"><\/a>\r\n\t\t\t            <div class=\"banner-content\">\r\n                <h2 class=\"banner-title\"><span class=\"hl-title\">Membres\u00eda\nGames Pass Ultimate 2 Meses\n<\/span><\/h2>                <div class=\"banner-desc\"><p><span style=\"color: #1ff51d;\"><strong>Solic\u00edtalo a<\/strong><\/span><br \/><span style=\"color: #ffffff; font-weight: 600;\">Nuestro WhatsApp<\/span><img decoding=\"async\" class=\"alignnone size-full wp-image-5975\" src=\"https:\/\/somosdigitalgamers.com\/clp\/wp-content\/uploads\/2025\/02\/icons8-whatsapp-50.png\" alt=\"\" width=\"50\" height=\"50\" \/><\/p><\/div>\r\n\t\t\t\t                    <div class=\"banner-button\">\r\n                        <a class=\"btn-button\" href=\"https:\/\/api.whatsapp.com\/send?phone=5804127059469&amp;text=Hola%20vengo%20de%20la%20p%C3%A1gina%20de%20Per%C3%BA%20%F0%9F%87%B5%F0%9F%87%AA%20y%20me%20gustar%C3%ADa%20comprar%20el%20Game%20Pass%20Ultimate%20de%202%20Meses\">Compra Ahora<\/a>\r\n                    <\/div>\r\n\t\t\t\t            <\/div>\r\n        <\/div>\r\n\t\t\t\t\t\t<\/div>\n\t\t\t\t<\/div>\n\t\t\t\t\t<\/div>\n\t\t<\/div>\n\t\t\t\t<div class=\"elementor-column elementor-col-33 elementor-top-column elementor-element elementor-element-6f1d4ffc\" data-id=\"6f1d4ffc\" data-element_type=\"column\">\n\t\t\t<div class=\"elementor-widget-wrap elementor-element-populated\">\n\t\t\t\t\t\t<div class=\"elementor-element elementor-element-5a20e8f elementor-widget elementor-widget-martfury-banner-medium\" data-id=\"5a20e8f\" data-element_type=\"widget\" data-widget_type=\"martfury-banner-medium.default\">\n\t\t\t\t<div class=\"elementor-widget-container\">\n\t\t\t\t\t        <div class=\"mf-elementor-banner-medium highlight-title-\">\r\n            <div class=\"banner-featured-image\"><\/div>\r\n\t\t\t                <a class=\"link\" href=\"https:\/\/api.whatsapp.com\/send?phone=5804127059469&amp;text=Hola%20vengo%20de%20la%20p%C3%A1gina%20de%20Per%C3%BA%20%F0%9F%87%B5%F0%9F%87%AA%20y%20me%20gustar%C3%ADa%20comprar%20el%20Game%20Pass%20Ultimate%20de%2012%20Meses\"><\/a>\r\n\t\t\t            <div class=\"banner-content\">\r\n                <h2 class=\"banner-title\"><span class=\"hl-title\">Membres\u00eda\nGames Pass Ultimate 12 Meses\n<\/span><\/h2>                <div class=\"banner-desc\"><p><span style=\"color: #1ff51d;\"><strong>Solic\u00edtalo a<\/strong><\/span> <br \/><span style=\"color: #ffffff; font-weight: 600;\">Nuestro WhatsApp<\/span><img decoding=\"async\" class=\"alignnone size-full wp-image-5975\" src=\"https:\/\/somosdigitalgamers.com\/clp\/wp-content\/uploads\/2025\/02\/icons8-whatsapp-50.png\" alt=\"\" width=\"50\" height=\"50\" \/><\/p><\/div>\r\n\t\t\t\t                    <div class=\"banner-button\">\r\n                        <a class=\"btn-button\" href=\"https:\/\/api.whatsapp.com\/send?phone=5804127059469&amp;text=Hola%20vengo%20de%20la%20p%C3%A1gina%20de%20Per%C3%BA%20%F0%9F%87%B5%F0%9F%87%AA%20y%20me%20gustar%C3%ADa%20comprar%20el%20Game%20Pass%20Ultimate%20de%2012%20Meses\">Compra Ahora<\/a>\r\n                    <\/div>\r\n\t\t\t\t            <\/div>\r\n        <\/div>\r\n\t\t\t\t\t\t<\/div>\n\t\t\t\t<\/div>\n\t\t\t\t\t<\/div>\n\t\t<\/div>\n\t\t\t\t<div class=\"elementor-column elementor-col-33 elementor-top-column elementor-element elementor-element-c4dfcf0\" data-id=\"c4dfcf0\" data-element_type=\"column\">\n\t\t\t<div class=\"elementor-widget-wrap elementor-element-populated\">\n\t\t\t\t\t\t<div class=\"elementor-element elementor-element-48835205 elementor-widget elementor-widget-martfury-banner-medium\" data-id=\"48835205\" data-element_type=\"widget\" data-widget_type=\"martfury-banner-medium.default\">\n\t\t\t\t<div class=\"elementor-widget-container\">\n\t\t\t\t\t        <div class=\"mf-elementor-banner-medium highlight-title-\">\r\n            <div class=\"banner-featured-image\"><\/div>\r\n\t\t\t                <a class=\"link\" href=\"https:\/\/api.whatsapp.com\/send?phone=5804127059469&amp;text=Hola%20vengo%20de%20la%20p%C3%A1gina%20de%20Per%C3%BA%20%F0%9F%87%B5%F0%9F%87%AA%20y%20me%20gustar%C3%ADa%20comprar%20el%20Game%20Pass%20Ultimate%20de%206%20Meses\"><\/a>\r\n\t\t\t            <div class=\"banner-content\">\r\n                <h2 class=\"banner-title\"><span class=\"hl-title\">Membres\u00eda\nGames Pass Ultimate 6 Meses\n<\/span><\/h2>                <div class=\"banner-desc\"><p><span style=\"color: #1ff51d;\"><strong>Solic\u00edtalo a<\/strong><\/span><br \/><span style=\"color: #ffffff; font-weight: 600;\">Nuestro WhatsApp<\/span><img decoding=\"async\" class=\"alignnone size-full wp-image-5975\" src=\"https:\/\/somosdigitalgamers.com\/clp\/wp-content\/uploads\/2025\/02\/icons8-whatsapp-50.png\" alt=\"\" width=\"50\" height=\"50\" \/><\/p><\/div>\r\n\t\t\t\t                    <div class=\"banner-button\">\r\n                        <a class=\"btn-button\" href=\"https:\/\/api.whatsapp.com\/send?phone=5804127059469&amp;text=Hola%20vengo%20de%20la%20p%C3%A1gina%20de%20Per%C3%BA%20%F0%9F%87%B5%F0%9F%87%AA%20y%20me%20gustar%C3%ADa%20comprar%20el%20Game%20Pass%20Ultimate%20de%206%20Meses\">Compra Ahora<\/a>\r\n                    <\/div>\r\n\t\t\t\t            <\/div>\r\n        <\/div>\r\n\t\t\t\t\t\t<\/div>\n\t\t\t\t<\/div>\n\t\t\t\t\t<\/div>\n\t\t<\/div>\n\t\t\t\t\t<\/div>\n\t\t<\/section>\n\t\t\t\t<\/div>\n\t\t","protected":false},"excerpt":{"rendered":"<p>Membres\u00eda Games Pass Ultimate 2 Meses Solic\u00edtalo aNuestro WhatsApp Compra Ahora Membres\u00eda Games Pass Ultimate 12 Meses Solic\u00edtalo a Nuestro WhatsApp Compra Ahora Membres\u00eda Games Pass Ultimate 6 Meses Solic\u00edtalo aNuestro WhatsApp Compra Ahora<\/p>\n","protected":false},"author":1,"featured_media":0,"parent":0,"menu_order":0,"comment_status":"closed","ping_status":"closed","template":"template-full-width.php","meta":{"footnotes":""},"class_list":["post-4744","page","type-page","status-publish","hentry"],"_links":{"self":[{"href":"https:\/\/somosdigitalgamers.com\/pe\/index.php?rest_route=\/wp\/v2\/pages\/4744","targetHints":{"allow":["GET"]}}],"collection":[{"href":"https:\/\/somosdigitalgamers.com\/pe\/index.php?rest_route=\/wp\/v2\/pages"}],"about":[{"href":"https:\/\/somosdigitalgamers.com\/pe\/index.php?rest_route=\/wp\/v2\/types\/page"}],"author":[{"embeddable":true,"href":"https:\/\/somosdigitalgamers.com\/pe\/index.php?rest_route=\/wp\/v2\/users\/1"}],"replies":[{"embeddable":true,"href":"https:\/\/somosdigitalgamers.com\/pe\/index.php?rest_route=%2Fwp%2Fv2%2Fcomments&post=4744"}],"version-history":[{"count":50,"href":"https:\/\/somosdigitalgamers.com\/pe\/index.php?rest_route=\/wp\/v2\/pages\/4744\/revisions"}],"predecessor-version":[{"id":5960,"href":"https:\/\/somosdigitalgamers.com\/pe\/index.php?rest_route=\/wp\/v2\/pages\/4744\/revisions\/5960"}],"wp:attachment":[{"href":"https:\/\/somosdigitalgamers.com\/pe\/index.php?rest_route=%2Fwp%2Fv2%2Fmedia&parent=4744"}],"curies":[{"name":"wp","href":"https:\/\/api.w.org\/{rel}","templated":true}]}}